{"id":941,"date":"2025-10-21T20:08:16","date_gmt":"2025-10-21T18:08:16","guid":{"rendered":"https:\/\/ecosite-villarceaux.org\/?page_id=941"},"modified":"2025-10-23T12:45:18","modified_gmt":"2025-10-23T10:45:18","slug":"formule-seminaire","status":"publish","type":"page","link":"https:\/\/ecosite-villarceaux.org\/index.php\/formule-seminaire\/","title":{"rendered":"Formule S\u00e9minaire"},"content":{"rendered":"\n<figure class=\"wp-block-image size-full\"><img loading=\"lazy\" decoding=\"async\" width=\"1008\" height=\"567\" src=\"https:\/\/ecosite-villarceaux.org\/wp-content\/uploads\/2025\/10\/Coudray-1-N\u00b02-1.jpg\" alt=\"\" class=\"wp-image-951\" srcset=\"https:\/\/ecosite-villarceaux.org\/wp-content\/uploads\/2025\/10\/Coudray-1-N\u00b02-1.jpg 1008w, https:\/\/ecosite-villarceaux.org\/wp-content\/uploads\/2025\/10\/Coudray-1-N\u00b02-1-300x169.jpg 300w, https:\/\/ecosite-villarceaux.org\/wp-content\/uploads\/2025\/10\/Coudray-1-N\u00b02-1-768x432.jpg 768w\" sizes=\"auto, (max-width: 1008px) 100vw, 1008px\" \/><\/figure>\n\n\n\n<p>La Formule S\u00e9minaire comprend :<br><br><strong>1. Votre h\u00e9bergement \u00e0 l\u2019\u00e9cosite.<\/strong><br><strong>Deux g\u00eetes de groupe&nbsp;:<\/strong><br><strong>La Moinerie<\/strong>&nbsp;: 60 personnes maximum&nbsp;:&nbsp;Salle d\u2019eau dans chaque chambre, et toilettes<br>partag\u00e9es sur chaque niveau.<\/p>\n\n\n\n<ul class=\"wp-block-list\">\n<li>RDC&nbsp;:10 chambres de 3 \u00e0 4 pers (lits simples et superpos\u00e9s) soit 35 lits.<\/li>\n\n\n\n<li>1er \u00e9tage&nbsp;: 9 chambres de 2 \u00e0 3 pers (lits simples et superpos\u00e9s) soit 25 lits.<\/li>\n\n\n\n<li>Le Prieur\u00e9&nbsp;: 33 personnes maximum : 20 chambres h\u00f4teli\u00e8res (Salle d\u2019eau et toilette<br>privatives).<\/li>\n<\/ul>\n\n\n\n<p><strong>Et 7 G\u00eetes ruraux<\/strong>&nbsp;: capacit\u00e9 maximum en chambre simple et partag\u00e9es&nbsp;: 30 personnes<br>A l\u2019arriv\u00e9e, le linge de lit et de bain sont fournis. Au d\u00e9part il est demand\u00e9 \u00e0 chaque<br>participant de mettre son linge de lit et bain en sac et de vider sa poubelle. Le m\u00e9nage de fin<br>de s\u00e9jour est inclus.<\/p>\n\n\n\n<p><strong>2-Vos repas dans la salle du restaurant&nbsp;:<\/strong><\/p>\n\n\n\n<ul class=\"wp-block-list\">\n<li><strong>Petit d\u00e9jeuner<\/strong>&nbsp;: caf\u00e9, th\u00e9, eau, jus de fruits, pain, beurre, confiture, \u0153uf coque, salade<br>de fruits, c\u00e9r\u00e9ales, fromage blanc ou yaourt.<\/li>\n\n\n\n<li><strong>D\u00e9jeuner menu de saison<\/strong> (Entr\u00e9e, plat avec viande, dessert), 2 verres de vin + eau<br>p\u00e9tillante+ 1 caf\u00e9 ou 1 th\u00e9. (R\u00e9gime v\u00e9g\u00e9tarien et allergies alimentaires sur demande<br>pr\u00e9alable).<\/li>\n\n\n\n<li><strong>Diner v\u00e9g\u00e9tarien<\/strong>&nbsp;: menu de saison v\u00e9g\u00e9tarien, 2 verres de vin + eau p\u00e9tillante +1<br>caf\u00e9 ou 1 th\u00e9 (Allergies alimentaires sur demande pr\u00e9alable).<\/li>\n<\/ul>\n\n\n\n<p><strong>3- Votre r\u00e9union&nbsp;:<\/strong><\/p>\n\n\n\n<p>1 salle de r\u00e9union adapt\u00e9e \u00e0 la taille du groupe et \u00e9quip\u00e9e avec \u00e9cran blanc, vid\u00e9oprojecteur,<br>tableau blanc, paperboard, WIFI, et am\u00e9nag\u00e9e en U (modifiable sur demande).<br>Possibilit\u00e9 de salles de r\u00e9union suppl\u00e9mentaires pour l\u2019\u00e9laboration d\u2019ateliers sur demande et<br>en fonction des disponibilit\u00e9s. Tarification en sus<\/p>\n\n\n\n<ul class=\"wp-block-list\">\n<li>Caf\u00e9 d\u2019accueil \u00e0 l\u2019arriv\u00e9e<\/li>\n\n\n\n<li>Pause-caf\u00e9 le matin et l\u2019apr\u00e8s-midi servies en salle de r\u00e9union.<br><br><strong>Informations et organisation de la restauration.<\/strong><br><em>Le Restaurant de la Bergerie travaille avec des produits issus de l\u2019agriculture biologique en<br>privil\u00e9giant les produits de saison et de proximit\u00e9. L\u2019exploitation agricole de la Bergerie de<br>Villarceaux fournit viande de salers et d\u2019agneau, c\u00e9r\u00e9ales anciennes et lentilles. Les l\u00e9gumes<br>proviennent principalement de l\u2019exploitation mara\u00eech\u00e8re de la Bergerie. Son chef s\u2019inscrit pleinement dans une recherche d\u2019authenticit\u00e9, de nouveaut\u00e9 et d\u2019alimentation plaisir et sant\u00e9.<\/em><\/li>\n<\/ul>\n\n\n\n<p>Les repas sont pris durant les horaires de services&nbsp;:<\/p>\n\n\n\n<ul class=\"wp-block-list\">\n<li>Petit d\u00e9jeuner 7h30-8h45,<\/li>\n\n\n\n<li>D\u00e9jeuner 12h-13h15,<\/li>\n\n\n\n<li>Diner 19h-20h15.<\/li>\n<\/ul>\n\n\n\n<p><br>Les boissons prises au bar doivent \u00eatre r\u00e9gl\u00e9es sur place.<br>Le retrait des assiettes et couverts en fin de repas se fait avec la participation de tous.<br>Lors du premier repas, il sera demand\u00e9 au responsable du s\u00e9minaire de faire un point sur<br>l\u2019effectif et les horaires de repas aupr\u00e8s du restaurant. A noter \u00e9galement que les r\u00e9clamations<br>passent obligatoirement par le responsable du s\u00e9minaire.<br><br><strong>Organisation des boissons pour le restaurant et les soir\u00e9es dans les salles<br>s\u00e9minaire.<\/strong><br>Un forfait boissons comprenant eau gazeuse +1 caf\u00e9 par personne est pr\u00e9vu au devis dans le<br>forfait s\u00e9minaire.<br><strong>Pour les repas pris au restaurant 2 possibilit\u00e9s&nbsp;:<\/strong><br>Concernant le vin&nbsp;:<br>1- Vous pouvez commander le vin sur place, votre r\u00e8glement se fera directement au<br>restaurant.<br>2- Vous pouvez apporter votre vin.<br>Il est appliqu\u00e9 un droit dit de bouchon pour les vins apport\u00e9s par les clients. Pour rappel<br>ce droit couvre les verres (pr\u00e9paration et nettoyage) , l\u2019ouverture des bouteilles et la<br>gestion des d\u00e9chets.<\/p>\n\n\n\n<p><strong>Pour les boissons consomm\u00e9es hors des repas et notamment pendant les soir\u00e9es<br>organis\u00e9es par les s\u00e9minaires,&nbsp;dans les salles mise \u00e0 disposition :<\/strong><br><br>Option 1&nbsp;: Vous apportez boissons et verres et g\u00e9rez l\u2019int\u00e9gralit\u00e9 des d\u00e9chets en les<br>d\u00e9posants dans le local poubelle face \u00e0 l\u2019accueil<br>Option 2&nbsp;: Vous louez des verres aupr\u00e8s d\u2019\u00e9cosite ( sur devis). Les verres seront alors<br>mis \u00e0 votre disposition propre sur des chariots et seront \u00e0 remettre sales sur le m\u00eame<br>chariot.<\/p>\n\n\n\n<p><strong>Pour les 2 options il sera mis \u00e0 votre disposition un kit de nettoyage ( seau et mop) pour<br>garder votre salle de s\u00e9minaire propre.<\/strong><\/p>\n\n\n\n<p>WIFI&nbsp;: couverture totale du site sauf incident. T\u00e9l\u00e9chargement ill\u00e9gal interdit.<\/p>\n\n\n\n<p><strong>Ci-dessous le tableau des prestations s\u00e9minaires :<\/strong><\/p>\n\n\n\n<p><strong>Format .pdf<\/strong><\/p>\n\n\n\n<div data-wp-interactive=\"core\/file\" class=\"wp-block-file\"><object data-wp-bind--hidden=\"!state.hasPdfPreview\" hidden class=\"wp-block-file__embed\" data=\"https:\/\/ecosite-villarceaux.org\/wp-content\/uploads\/2025\/10\/Tableau-prestation-.pdf\" type=\"application\/pdf\" style=\"width:100%;height:600px\" aria-label=\"Contenu embarqu\u00e9 Tableau prestation.\"><\/object><a id=\"wp-block-file--media-d02da749-0040-4755-9959-860dd6a01eda\" href=\"https:\/\/ecosite-villarceaux.org\/wp-content\/uploads\/2025\/10\/Tableau-prestation-.pdf\">Tableau prestation<\/a><a href=\"https:\/\/ecosite-villarceaux.org\/wp-content\/uploads\/2025\/10\/Tableau-prestation-.pdf\" class=\"wp-block-file__button wp-element-button\" download aria-describedby=\"wp-block-file--media-d02da749-0040-4755-9959-860dd6a01eda\">T\u00e9l\u00e9charger<\/a><\/div>\n\n\n\n<p><strong>Format .xls Excel<\/strong><\/p>\n\n\n\n<div class=\"wp-block-file\"><a id=\"wp-block-file--media-e91fc7d7-47d5-40c3-a86e-4eebdf304717\" href=\"https:\/\/ecosite-villarceaux.org\/wp-content\/uploads\/2025\/10\/Tableau-Prestations-Seminaire.xlsx\">Tableau Prestations S\u00e9minaire<\/a><a href=\"https:\/\/ecosite-villarceaux.org\/wp-content\/uploads\/2025\/10\/Tableau-Prestations-Seminaire.xlsx\" class=\"wp-block-file__button wp-element-button\" download aria-describedby=\"wp-block-file--media-e91fc7d7-47d5-40c3-a86e-4eebdf304717\">T\u00e9l\u00e9charger<\/a><\/div>\n\n\n\n<p><\/p>\n","protected":false},"excerpt":{"rendered":"<p>La Formule S\u00e9minaire comprend : 1. Votre h\u00e9bergement \u00e0 l\u2019\u00e9cosite.Deux g\u00eetes de groupe&nbsp;:La Moinerie&nbsp;: 60 personnes maximum&nbsp;:&nbsp;Salle d\u2019eau dans chaque chambre, et toilettespartag\u00e9es sur chaque niveau. Et 7 G\u00eetes ruraux&nbsp;: capacit\u00e9 maximum en chambre simple et partag\u00e9es&nbsp;: 30 personnesA l\u2019arriv\u00e9e, le linge de lit et de bain sont fournis. Au d\u00e9part il est demand\u00e9 \u00e0 &hellip;<\/p>\n","protected":false},"author":1,"featured_media":0,"parent":0,"menu_order":0,"comment_status":"closed","ping_status":"closed","template":"","meta":{"footnotes":""},"class_list":["post-941","page","type-page","status-publish","hentry"],"_links":{"self":[{"href":"https:\/\/ecosite-villarceaux.org\/index.php\/wp-json\/wp\/v2\/pages\/941","targetHints":{"allow":["GET"]}}],"collection":[{"href":"https:\/\/ecosite-villarceaux.org\/index.php\/wp-json\/wp\/v2\/pages"}],"about":[{"href":"https:\/\/ecosite-villarceaux.org\/index.php\/wp-json\/wp\/v2\/types\/page"}],"author":[{"embeddable":true,"href":"https:\/\/ecosite-villarceaux.org\/index.php\/wp-json\/wp\/v2\/users\/1"}],"replies":[{"embeddable":true,"href":"https:\/\/ecosite-villarceaux.org\/index.php\/wp-json\/wp\/v2\/comments?post=941"}],"version-history":[{"count":3,"href":"https:\/\/ecosite-villarceaux.org\/index.php\/wp-json\/wp\/v2\/pages\/941\/revisions"}],"predecessor-version":[{"id":953,"href":"https:\/\/ecosite-villarceaux.org\/index.php\/wp-json\/wp\/v2\/pages\/941\/revisions\/953"}],"wp:attachment":[{"href":"https:\/\/ecosite-villarceaux.org\/index.php\/wp-json\/wp\/v2\/media?parent=941"}],"curies":[{"name":"wp","href":"https:\/\/api.w.org\/{rel}","templated":true}]}}