{"id":83,"date":"2022-05-30T09:37:50","date_gmt":"2022-05-30T07:37:50","guid":{"rendered":"https:\/\/ecosite-villarceaux.org\/?page_id=83"},"modified":"2022-06-08T14:49:24","modified_gmt":"2022-06-08T12:49:24","slug":"hebergement","status":"publish","type":"page","link":"https:\/\/ecosite-villarceaux.org\/index.php\/hebergement\/","title":{"rendered":"S\u00e9journez \u00e9co-responsables !"},"content":{"rendered":"\n<p><strong>A l&rsquo;Ecosite de Villarceaux, nous vous proposons diff\u00e9rents types d&rsquo;h\u00e9bergement. G\u00eetes de groupe, g\u00eetes ruraux familiaux, chambres aux normes h\u00f4teli\u00e8res ou bivouac, nous pouvons accueillir toutes et tous. L&rsquo;Ecosite de Villarceaux peut \u00e9galement \u00eatre privatis\u00e9 afin de permettre l&rsquo;organisation de s\u00e9minaires, f\u00eates ou mariage sur un seul et m\u00eame lieu, int\u00e9grant les c\u00e9r\u00e9monies la restauration et l&rsquo;h\u00e9bergement dans un m\u00eame espace. <\/strong><\/p>\n\n\n\n<figure class=\"wp-block-image size-large\"><img loading=\"lazy\" decoding=\"async\" width=\"1024\" height=\"547\" src=\"https:\/\/ecosite-villarceaux.org\/wp-content\/uploads\/2022\/05\/illustration-bergerie-couleurs-1024x547.jpg\" alt=\"\" class=\"wp-image-77\" srcset=\"https:\/\/ecosite-villarceaux.org\/wp-content\/uploads\/2022\/05\/illustration-bergerie-couleurs-1024x547.jpg 1024w, https:\/\/ecosite-villarceaux.org\/wp-content\/uploads\/2022\/05\/illustration-bergerie-couleurs-300x160.jpg 300w, https:\/\/ecosite-villarceaux.org\/wp-content\/uploads\/2022\/05\/illustration-bergerie-couleurs-768x411.jpg 768w, https:\/\/ecosite-villarceaux.org\/wp-content\/uploads\/2022\/05\/illustration-bergerie-couleurs-1536x821.jpg 1536w, https:\/\/ecosite-villarceaux.org\/wp-content\/uploads\/2022\/05\/illustration-bergerie-couleurs-2048x1095.jpg 2048w\" sizes=\"auto, (max-width: 1024px) 100vw, 1024px\" \/><\/figure>\n\n\n\n<h3 class=\"wp-block-heading\" id=\"l-offre-d-hebergement-et-de-sejour\">L\u2019offre d\u2019h\u00e9bergement et de s\u00e9jour<\/h3>\n\n\n\n<ul class=\"wp-block-list\"><li>Un accueil tout public (s\u00e9minaires, stages et formations, f\u00eate de famille, mariages\u2026)<\/li><li>Un&nbsp;\u00e9ventail d\u2019h\u00e9bergements&nbsp;en gestion h\u00f4teli\u00e8re, g\u00eetes de groupe et g\u00eetes ruraux etc.<\/li><li>Des&nbsp;<mark>salles de r\u00e9unions et d\u2019activit\u00e9s&nbsp;<\/mark>tous formats<\/li><li>Un&nbsp;restaurant cuisinant des produits biologique&nbsp;transformant la production locale et des produits frais (v\u00e9g\u00e9tarien sur demande et le soir)<\/li><li>Promenades \u00e0 pieds, \u00e0 v\u00e9lo, d\u00e9couverte des ch\u00e2teaux de Villarceaux et de sa r\u00e9gion, golfs, ballades dans le Vexin Fran\u00e7ais (V\u00e9theuil, La Roche-Guyon etc\u2026). A noter, Ecosite est situ\u00e9 sur le trajet cyclotouriste Paris-Londres.<\/li><\/ul>\n\n\n\n<h3 class=\"wp-block-heading\">Un centre d&rsquo;accueil multi-activit\u00e9s<\/h3>\n\n\n\n<p>La Bergerie de Villarceaux accueille :<\/p>\n\n\n\n<ul class=\"wp-block-list\"><li>les entreprises et les institutions<\/li><li>les groupes et associations<\/li><li>les chercheurs et \u00e9tudiants<\/li><li>les scolaires et centres de loisirs lors de s\u00e9jours \u00e0 th\u00e8me ;<\/li><li>les familles et les groupes d&rsquo;amis<\/li><\/ul>\n\n\n\n<figure class=\"wp-block-image size-full\"><img loading=\"lazy\" decoding=\"async\" width=\"2560\" height=\"1920\" src=\"https:\/\/ecosite-villarceaux.org\/wp-content\/uploads\/2022\/06\/panneaux2-scaled.jpg\" alt=\"\" class=\"wp-image-345\" srcset=\"https:\/\/ecosite-villarceaux.org\/wp-content\/uploads\/2022\/06\/panneaux2-scaled.jpg 2560w, https:\/\/ecosite-villarceaux.org\/wp-content\/uploads\/2022\/06\/panneaux2-300x225.jpg 300w, https:\/\/ecosite-villarceaux.org\/wp-content\/uploads\/2022\/06\/panneaux2-1024x768.jpg 1024w, https:\/\/ecosite-villarceaux.org\/wp-content\/uploads\/2022\/06\/panneaux2-768x576.jpg 768w, https:\/\/ecosite-villarceaux.org\/wp-content\/uploads\/2022\/06\/panneaux2-1536x1152.jpg 1536w, https:\/\/ecosite-villarceaux.org\/wp-content\/uploads\/2022\/06\/panneaux2-2048x1536.jpg 2048w\" sizes=\"auto, (max-width: 2560px) 100vw, 2560px\" \/><\/figure>\n\n\n\n<p><strong>L&rsquo;Ecosite de Villarceaux est labellis\u00e9 <strong>\u00ab\u00a0deux \u00e9pis<\/strong>\u00ab\u00a0<\/strong> <strong>G\u00eetes de France depuis 2011 <\/strong><\/p>\n\n\n\n<h3 class=\"wp-block-heading\">Equipements sur demande<\/h3>\n\n\n\n<ul class=\"wp-block-list\"><li>6 lits BB et 6 matelas+ kit ( drap et couverture)<\/li><li>6 chaises hautes<\/li><li>2 baignoires BB<\/li><\/ul>\n\n\n\n<h3 class=\"wp-block-heading\">P\u00e9riode d&rsquo;ouverture<\/h3>\n\n\n\n<p>Ouvert toute l&rsquo;ann\u00e9e<\/p>\n\n\n\n<h3 class=\"wp-block-heading\">R\u00e9servations<\/h3>\n\n\n\n<p>Les devis sont r\u00e9alis\u00e9s \u00e0 votre demande. Consultez <a href=\"https:\/\/ecosite-villarceaux.org\/index.php\/reservations\/\">cette page<\/a> sur notre site pour pr\u00e9ciser vos demandes :<\/p>\n\n\n\n<ul class=\"wp-block-list\"><li>Appelez-nous : 01 34 67 08 80<\/li><li>Ecrivez-nous : <a rel=\"noreferrer noopener\" href=\"mailto:contact@bergerie-villarceaux.org\" target=\"_blank\">contact@bergerie-villarceaux.org<\/a><\/li><\/ul>\n","protected":false},"excerpt":{"rendered":"<p>A l&rsquo;Ecosite de Villarceaux, nous vous proposons diff\u00e9rents types d&rsquo;h\u00e9bergement. G\u00eetes de groupe, g\u00eetes ruraux familiaux, chambres aux normes h\u00f4teli\u00e8res ou bivouac, nous pouvons accueillir toutes et tous. L&rsquo;Ecosite de Villarceaux peut \u00e9galement \u00eatre privatis\u00e9 afin de permettre l&rsquo;organisation de s\u00e9minaires, f\u00eates ou mariage sur un seul et m\u00eame lieu, int\u00e9grant les c\u00e9r\u00e9monies la restauration &hellip;<\/p>\n","protected":false},"author":1,"featured_media":0,"parent":0,"menu_order":0,"comment_status":"closed","ping_status":"closed","template":"","meta":{"footnotes":""},"class_list":["post-83","page","type-page","status-publish","hentry"],"_links":{"self":[{"href":"https:\/\/ecosite-villarceaux.org\/index.php\/wp-json\/wp\/v2\/pages\/83","targetHints":{"allow":["GET"]}}],"collection":[{"href":"https:\/\/ecosite-villarceaux.org\/index.php\/wp-json\/wp\/v2\/pages"}],"about":[{"href":"https:\/\/ecosite-villarceaux.org\/index.php\/wp-json\/wp\/v2\/types\/page"}],"author":[{"embeddable":true,"href":"https:\/\/ecosite-villarceaux.org\/index.php\/wp-json\/wp\/v2\/users\/1"}],"replies":[{"embeddable":true,"href":"https:\/\/ecosite-villarceaux.org\/index.php\/wp-json\/wp\/v2\/comments?post=83"}],"version-history":[{"count":17,"href":"https:\/\/ecosite-villarceaux.org\/index.php\/wp-json\/wp\/v2\/pages\/83\/revisions"}],"predecessor-version":[{"id":637,"href":"https:\/\/ecosite-villarceaux.org\/index.php\/wp-json\/wp\/v2\/pages\/83\/revisions\/637"}],"wp:attachment":[{"href":"https:\/\/ecosite-villarceaux.org\/index.php\/wp-json\/wp\/v2\/media?parent=83"}],"curies":[{"name":"wp","href":"https:\/\/api.w.org\/{rel}","templated":true}]}}