{"id":6,"date":"2022-03-09T18:33:13","date_gmt":"2022-03-09T17:33:13","guid":{"rendered":"https:\/\/ecosite-villarceaux.org\/?page_id=6"},"modified":"2025-03-26T18:42:38","modified_gmt":"2025-03-26T17:42:38","slug":"a-propos-de","status":"publish","type":"page","link":"https:\/\/ecosite-villarceaux.org\/index.php\/a-propos-de\/","title":{"rendered":"\u00c0 propos de nous&#8230;"},"content":{"rendered":"\n<p><strong>La <a href=\"http:\/\/www.bergerie-villarceaux.org\/\" target=\"_blank\" rel=\"noreferrer noopener\">Bergerie de Villarceaux<\/a>, dont l&rsquo;Ecosite de Villarceaux est un des p\u00f4les, est aujourd\u2019hui un lieu dit, propri\u00e9t\u00e9 de la <a href=\"https:\/\/www.fph.ch\/\" target=\"_blank\" rel=\"noreferrer noopener\">Fondation Charles L\u00e9opold Mayer<\/a> pour le Progr\u00e8s Humain (FPH), accueillant diff\u00e9rentes structures engag\u00e9es. Le collectif partage l\u2019id\u00e9e qu\u2019une transition soci\u00e9tale n\u00e9cessaire et urgente est r\u00e9alisable. Chacun \u00e0 sa fa\u00e7on, nous contribuons \u00e0 faire des propositions d\u2019actions acc\u00e9l\u00e9rant un changement syst\u00e9mique volontaire.<\/strong><\/p>\n\n\n\n<p>La fondation a initi\u00e9 une transition forte du site, en recherchant un projet soci\u00e9tal coh\u00e9rent et soutenable:&nbsp;<strong>Quelle agriculture souhaite-on pour quelle soci\u00e9t\u00e9 ?&nbsp;<\/strong>C\u2019est ainsi que le projet de la Bergerie de Villarceaux est initi\u00e9 en 1995.&nbsp;<\/p>\n\n\n\n<p>Depuis 2006, les acteurs pr\u00e9sents sont ind\u00e9pendants de la Fondation pour la gestion et le d\u00e9veloppement de leurs activit\u00e9s. Un projet \u00e9merge afin d\u2019enrichir&nbsp;<strong>ce lieu o\u00f9 l\u2019on vit une transition<\/strong>.&nbsp;<\/p>\n\n\n\n<p>Ce travail collectif a pour but d\u2019enrichir le d\u00e9bat en proposant des nouvelles fa\u00e7ons de produire des biens et des services en coh\u00e9rence avec les grands enjeux auxquels nous devons faire face, tels le d\u00e9r\u00e8glement climatique, la perte de biodiversit\u00e9, les in\u00e9galit\u00e9s sociales.<\/p>\n","protected":false},"excerpt":{"rendered":"<p>La Bergerie de Villarceaux, dont l&rsquo;Ecosite de Villarceaux est un des p\u00f4les, est aujourd\u2019hui un lieu dit, propri\u00e9t\u00e9 de la Fondation Charles L\u00e9opold Mayer pour le Progr\u00e8s Humain (FPH), accueillant diff\u00e9rentes structures engag\u00e9es. Le collectif partage l\u2019id\u00e9e qu\u2019une transition soci\u00e9tale n\u00e9cessaire et urgente est r\u00e9alisable. Chacun \u00e0 sa fa\u00e7on, nous contribuons \u00e0 faire des propositions &hellip;<\/p>\n","protected":false},"author":1,"featured_media":0,"parent":0,"menu_order":0,"comment_status":"closed","ping_status":"closed","template":"","meta":{"footnotes":""},"class_list":["post-6","page","type-page","status-publish","hentry"],"_links":{"self":[{"href":"https:\/\/ecosite-villarceaux.org\/index.php\/wp-json\/wp\/v2\/pages\/6","targetHints":{"allow":["GET"]}}],"collection":[{"href":"https:\/\/ecosite-villarceaux.org\/index.php\/wp-json\/wp\/v2\/pages"}],"about":[{"href":"https:\/\/ecosite-villarceaux.org\/index.php\/wp-json\/wp\/v2\/types\/page"}],"author":[{"embeddable":true,"href":"https:\/\/ecosite-villarceaux.org\/index.php\/wp-json\/wp\/v2\/users\/1"}],"replies":[{"embeddable":true,"href":"https:\/\/ecosite-villarceaux.org\/index.php\/wp-json\/wp\/v2\/comments?post=6"}],"version-history":[{"count":7,"href":"https:\/\/ecosite-villarceaux.org\/index.php\/wp-json\/wp\/v2\/pages\/6\/revisions"}],"predecessor-version":[{"id":894,"href":"https:\/\/ecosite-villarceaux.org\/index.php\/wp-json\/wp\/v2\/pages\/6\/revisions\/894"}],"wp:attachment":[{"href":"https:\/\/ecosite-villarceaux.org\/index.php\/wp-json\/wp\/v2\/media?parent=6"}],"curies":[{"name":"wp","href":"https:\/\/api.w.org\/{rel}","templated":true}]}}