{"id":382,"date":"2022-06-01T19:28:53","date_gmt":"2022-06-01T17:28:53","guid":{"rendered":"https:\/\/ecosite-villarceaux.org\/?page_id=382"},"modified":"2022-06-02T15:43:39","modified_gmt":"2022-06-02T13:43:39","slug":"autour-de-nous","status":"publish","type":"page","link":"https:\/\/ecosite-villarceaux.org\/index.php\/autour-de-nous\/","title":{"rendered":"Autour de nous&#8230;"},"content":{"rendered":"\n<h3 class=\"wp-block-heading\"><a rel=\"noreferrer noopener\" href=\"http:\/\/www.chaussy95.com\/\" target=\"_blank\">Chaussy<\/a><\/h3>\n\n\n\n<figure class=\"wp-block-image\"><img decoding=\"async\" src=\"http:\/\/refuge-athena.fr\/wp-content\/uploads\/2021\/08\/IMG_9531.jpg\" alt=\"\" class=\"wp-image-155\"\/><\/figure>\n\n\n\n<p>L&rsquo;Ecosite de Villarceaux, install\u00e9 sur le site de la Bergerie de Villarceaux d\u00e9pend du village de <a rel=\"noreferrer noopener\" href=\"http:\/\/chaussy95.com\/\" target=\"_blank\">Chaussy<\/a>, commune de 630 habitants au c\u0153ur du Vexin Fran\u00e7ais. <\/p>\n\n\n\n<h3 class=\"wp-block-heading\"><a href=\"https:\/\/villarceaux.iledefrance.fr\/\" target=\"_blank\" rel=\"noreferrer noopener\">Le domaine de Villarceaux<\/a><\/h3>\n\n\n\n<p>Le domaine de Villarceaux, surnomm\u00e9 \u00abla perle du Vexin\u00bb, pr\u00e9sente, \u00e0 Chaussy, un ensemble unique de b\u00e2timents du XIVe au XIXe si\u00e8cle class\u00e9s Monuments Historiques, dans un \u00e9crin de jardins qui ont re\u00e7us le label \u00abJardin remarquable\u00bb (2 km). Multiple comme ses perspectives, le domaine de Villarceaux propose au fl\u00e2neur un voyage dans l\u2019histoire et dans le temps.&nbsp;Consultez&nbsp;<a rel=\"noreferrer noopener\" href=\"https:\/\/villarceaux.iledefrance.fr\/bienvenue-villarceaux\/visite-du-domaine\" target=\"_blank\">ici<\/a>&nbsp;les visites que propose le domaine de Villarceaux.<\/p>\n\n\n\n<figure class=\"wp-block-image\"><img decoding=\"async\" src=\"http:\/\/refuge-athena.fr\/wp-content\/uploads\/2021\/08\/Villarceaux-1024x576.jpg\" alt=\"\" class=\"wp-image-290\"\/><\/figure>\n\n\n\n<p>Domaine de Villarceaux (sur place).<br>Jardin et ch\u00e2teau \u00e0 visiter d&rsquo;Avril \u00e0 Octobre<\/p>\n\n\n\n<h3 class=\"wp-block-heading\"><a rel=\"noreferrer noopener\" href=\"https:\/\/larocheguyon.fr\/\" target=\"_blank\">La Roche Guyon<\/a><\/h3>\n\n\n\n<figure class=\"wp-block-image\"><img decoding=\"async\" src=\"https:\/\/www.airbnb.fr\/google_place_photo?photoreference=CmRaAAAAndB1IytaEza7ywPcnxRAbGN-bVBc-voLCMBj1NpRrVEZXdA5ixWtbNZD9aFYjNt1JwqhjneQxjcgoXyMp-CKHlWeVu7dXmAxoGfchmYl9_88XjzYEy4IJvqvwx9Xc0g1EhAjC-wXdUrWGSd_FRXkDKZrGhTuYq7aWYOehssXdCKkWES9HoCfrQ&amp;maxwidth=640&amp;maxheight=640&amp;place_id=413965\" alt=\"La Roche-Guyon\"\/><\/figure>\n\n\n\n<p>La Roche-Guyon (10 km)<br>Son chateau et ses jardins, l\u2019un des plus beaux village de France<\/p>\n\n\n\n<h3 class=\"wp-block-heading\"><a rel=\"noreferrer noopener\" href=\"https:\/\/mairie-vetheuil.fr\/\" target=\"_blank\">V\u00e9theuil<\/a><\/h3>\n\n\n\n<figure class=\"wp-block-image\"><img decoding=\"async\" src=\"https:\/\/www.airbnb.fr\/google_place_photo?photoreference=Aap_uEC9Thxqea5ebOFLG7B_R3MqUiJInnM-WkIOYfWPiatw0YiGu3Mok7Hl1_25A_8q28QtOGsnw1PsvhQJGjR7emus8KaxO__a5yeZlkxr9lVwRHBNS4O-qGjLv5FF5JIaKllbexEM1VPYylG-_guRUo2asAp1zRgQsRSHdZdBBLmjuw2B&amp;maxwidth=640&amp;maxheight=640&amp;place_id=19870279\" alt=\"Maison Claude Monet \u00e0 V\u00e9theuil\"\/><\/figure>\n\n\n\n<p>Maison Claude Monet \u00e0 V\u00e9theuil (9 km)<br>Pour parfaire votre connaissance des Impressionistes<\/p>\n\n\n\n<h3 class=\"wp-block-heading\"><a href=\"https:\/\/fondation-monet.com\/informations-pratiques\/\" target=\"_blank\" rel=\"noreferrer noopener\">Maison et jardin de Claude Monet<\/a><\/h3>\n\n\n\n<figure class=\"wp-block-image\"><img decoding=\"async\" src=\"https:\/\/www.airbnb.fr\/google_place_photo?photoreference=CmRaAAAACU0b0PYmpcL7ieKeoa-1tlPyJWHV2vvoFsc5KoJZI7leIMmCGiMRTXym_bQ8CvfLiNkGQl0vaATzvOMcQEihu-3TDuzq3FY0RQba0AfwahFAjjJFvh1FmgjPS4dXnLn3EhAooXRUVv6cdONYR6ftKJ75GhTmv1uMucVcX1lTyABQSHF54daeRg&amp;maxwidth=640&amp;maxheight=640&amp;place_id=2384467\" alt=\"Maison &amp; Jardins de Claude Monet\"\/><\/figure>\n\n\n\n<p><strong>Le tourisme \u00e0 Giverny a une longue histoire, d\u00e9but\u00e9e avec l\u2019arriv\u00e9e du chemin de fer. Bol d\u2019air des Parisiens, laboratoire des peintres, le village a su pr\u00e9server un harmonieux \u00e9quilibre entre sa vie propre et le petit carrefour du monde qu\u2019il est devenu.<\/strong><\/p>\n\n\n\n<p>La pr\u00e9sence de Claude Monet \u00e0&nbsp;<strong>Giverny<\/strong>&nbsp;attira de nombreux artistes de nationalit\u00e9s diverses qui contribu\u00e8rent eux aussi \u00e0 faire de ce site un lieu particuli\u00e8rement embl\u00e9matique. Situ\u00e9 \u00e0 deux pas de la&nbsp;<a href=\"https:\/\/fondation-monet.com\/\" target=\"_blank\" rel=\"noreferrer noopener\"><strong>Fondation Monet<\/strong><\/a>, le&nbsp;<a href=\"https:\/\/www.mdig.fr\/\" target=\"_blank\" rel=\"noreferrer noopener\"><strong>Mus\u00e9e des impressionnismes<\/strong><\/a>&nbsp;contribue lui aussi \u00e0 faire de&nbsp;<strong>Giverny<\/strong>&nbsp;un haut lieu touristique international. On pourra \u00e9galement, pour ceux que cela int\u00e9ressent, visiter un mus\u00e9e des vieilles machines particuli\u00e8rement bien pourvu.<\/p>\n\n\n\n<p>Maison &amp; Jardins de Claude Monet \u00e0 Giverny (17 km)<br>Le monde entier se d\u00e9place pour ces jardins<\/p>\n\n\n\n<h3 class=\"wp-block-heading\"><a rel=\"noreferrer noopener\" href=\"https:\/\/www.mdig.fr\/\" target=\"_blank\">Mus\u00e9e des impressionnismes<\/a><\/h3>\n\n\n\n<figure class=\"wp-block-image\"><img decoding=\"async\" src=\"https:\/\/www.airbnb.fr\/google_place_photo?photoreference=CmRaAAAA-RWr5Pfet8XucDOmmBl795g5ynSh9nkzfAWiXUvhK9DLR7ijuGN75WTyQg4cnU8XjRayFwHN-umakq_ZQw80nuR9qyCiz5q26wqW39G8JQ-xxcIb_Ht9nt9jS2npVwa_EhByuvZ_fMfYTOPOzq5jhGgKGhQMbYtfjKKhQorFUfCJzzcl7dzxYQ&amp;maxwidth=640&amp;maxheight=640&amp;place_id=1021497\" alt=\"Mus\u00e9e des impressionnismes Giverny\"\/><\/figure>\n\n\n\n<p>Mus\u00e9e des impressionnismes Giverny (17 km)<\/p>\n\n\n\n<h3 class=\"wp-block-heading\"><a href=\"http:\/\/www.magny-en-vexin.fr\/\" target=\"_blank\" rel=\"noreferrer noopener\">Magny en Vexin<\/a><\/h3>\n\n\n\n<figure class=\"wp-block-image\"><img decoding=\"async\" src=\"https:\/\/www.airbnb.fr\/google_place_photo?photoreference=CmRZAAAA9qir_C5MiujXRQ6ZqR9iqN0HKjQje4aIkj-_RMbjPS9U2bOL44qNI7qh_rQa3RM3aWJKzAcGEHVuXMRhCLeSh39FQsCIaLPOfJjECRpNf48yLHzMhXwrXi1kiUvhkYN_EhAvQqRNOtemeVK2Fomku_i5GhRQASgIYxurqVezP1tqULoU1i0EIw&amp;maxwidth=640&amp;maxheight=640&amp;place_id=704036\" alt=\"Magny-en-Vexin\"\/><\/figure>\n\n\n\n<p>Magny-en-Vexin est le bourg le plus proche (9 km) ou vous trouverez tous les commerces courants et des restaurants<\/p>\n","protected":false},"excerpt":{"rendered":"<p>Chaussy L&rsquo;Ecosite de Villarceaux, install\u00e9 sur le site de la Bergerie de Villarceaux d\u00e9pend du village de Chaussy, commune de 630 habitants au c\u0153ur du Vexin Fran\u00e7ais. Le domaine de Villarceaux Le domaine de Villarceaux, surnomm\u00e9 \u00abla perle du Vexin\u00bb, pr\u00e9sente, \u00e0 Chaussy, un ensemble unique de b\u00e2timents du XIVe au XIXe si\u00e8cle class\u00e9s Monuments &hellip;<\/p>\n","protected":false},"author":1,"featured_media":0,"parent":0,"menu_order":0,"comment_status":"closed","ping_status":"closed","template":"","meta":{"footnotes":""},"class_list":["post-382","page","type-page","status-publish","hentry"],"_links":{"self":[{"href":"https:\/\/ecosite-villarceaux.org\/index.php\/wp-json\/wp\/v2\/pages\/382","targetHints":{"allow":["GET"]}}],"collection":[{"href":"https:\/\/ecosite-villarceaux.org\/index.php\/wp-json\/wp\/v2\/pages"}],"about":[{"href":"https:\/\/ecosite-villarceaux.org\/index.php\/wp-json\/wp\/v2\/types\/page"}],"author":[{"embeddable":true,"href":"https:\/\/ecosite-villarceaux.org\/index.php\/wp-json\/wp\/v2\/users\/1"}],"replies":[{"embeddable":true,"href":"https:\/\/ecosite-villarceaux.org\/index.php\/wp-json\/wp\/v2\/comments?post=382"}],"version-history":[{"count":3,"href":"https:\/\/ecosite-villarceaux.org\/index.php\/wp-json\/wp\/v2\/pages\/382\/revisions"}],"predecessor-version":[{"id":481,"href":"https:\/\/ecosite-villarceaux.org\/index.php\/wp-json\/wp\/v2\/pages\/382\/revisions\/481"}],"wp:attachment":[{"href":"https:\/\/ecosite-villarceaux.org\/index.php\/wp-json\/wp\/v2\/media?parent=382"}],"curies":[{"name":"wp","href":"https:\/\/api.w.org\/{rel}","templated":true}]}}