{"id":320,"date":"2022-06-01T17:54:44","date_gmt":"2022-06-01T15:54:44","guid":{"rendered":"https:\/\/ecosite-villarceaux.org\/?page_id=320"},"modified":"2022-06-08T14:40:13","modified_gmt":"2022-06-08T12:40:13","slug":"la-salle-carrieres-1","status":"publish","type":"page","link":"https:\/\/ecosite-villarceaux.org\/index.php\/la-salle-carrieres-1\/","title":{"rendered":"Salles Carri\u00e8res 1 &#038; 2"},"content":{"rendered":"\n<p><strong>Les salles Carri\u00e8res 1 et 2 sont deux salles jumelles plac\u00e9es <strong>au rez-de-chauss\u00e9e<\/strong><\/strong> <strong>\u00e0 proximit\u00e9 de la salle pl\u00e9ni\u00e8re. Pouvant accueillir chacune de 20 \u00e0 30 personnes selon la configuration, elles sont communicantes. <\/strong><\/p>\n\n\n\n<figure class=\"wp-block-image size-large\"><img loading=\"lazy\" decoding=\"async\" width=\"1024\" height=\"683\" src=\"https:\/\/ecosite-villarceaux.org\/wp-content\/uploads\/2022\/06\/Carrieres1-1024x683.jpg\" alt=\"\" class=\"wp-image-336\" srcset=\"https:\/\/ecosite-villarceaux.org\/wp-content\/uploads\/2022\/06\/Carrieres1-1024x683.jpg 1024w, https:\/\/ecosite-villarceaux.org\/wp-content\/uploads\/2022\/06\/Carrieres1-300x200.jpg 300w, https:\/\/ecosite-villarceaux.org\/wp-content\/uploads\/2022\/06\/Carrieres1-768x512.jpg 768w, https:\/\/ecosite-villarceaux.org\/wp-content\/uploads\/2022\/06\/Carrieres1-1536x1024.jpg 1536w, https:\/\/ecosite-villarceaux.org\/wp-content\/uploads\/2022\/06\/Carrieres1-2048x1366.jpg 2048w\" sizes=\"auto, (max-width: 1024px) 100vw, 1024px\" \/><figcaption>Carri\u00e8res 1<\/figcaption><\/figure>\n\n\n\n<p>Les salles Carri\u00e8res 1 et 2 ouvrent sur la nature environnante ou sur la vaste cour int\u00e9rieure de l&rsquo;Ecosite de Villarceaux. <\/p>\n\n\n\n<p>Elles disposent du wifi, d&rsquo;un vid\u00e9o-projecteur, paper board, tableau blanc et de sanitaires. <\/p>\n\n\n\n<figure class=\"wp-block-image size-large\"><img loading=\"lazy\" decoding=\"async\" width=\"1024\" height=\"683\" src=\"https:\/\/ecosite-villarceaux.org\/wp-content\/uploads\/2022\/06\/Carrieres2-1024x683.jpg\" alt=\"\" class=\"wp-image-337\" srcset=\"https:\/\/ecosite-villarceaux.org\/wp-content\/uploads\/2022\/06\/Carrieres2-1024x683.jpg 1024w, https:\/\/ecosite-villarceaux.org\/wp-content\/uploads\/2022\/06\/Carrieres2-300x200.jpg 300w, https:\/\/ecosite-villarceaux.org\/wp-content\/uploads\/2022\/06\/Carrieres2-768x512.jpg 768w, https:\/\/ecosite-villarceaux.org\/wp-content\/uploads\/2022\/06\/Carrieres2-1536x1024.jpg 1536w, https:\/\/ecosite-villarceaux.org\/wp-content\/uploads\/2022\/06\/Carrieres2-2048x1365.jpg 2048w\" sizes=\"auto, (max-width: 1024px) 100vw, 1024px\" \/><figcaption>Carri\u00e8res 2<\/figcaption><\/figure>\n","protected":false},"excerpt":{"rendered":"<p>Les salles Carri\u00e8res 1 et 2 sont deux salles jumelles plac\u00e9es au rez-de-chauss\u00e9e \u00e0 proximit\u00e9 de la salle pl\u00e9ni\u00e8re. Pouvant accueillir chacune de 20 \u00e0 30 personnes selon la configuration, elles sont communicantes. Les salles Carri\u00e8res 1 et 2 ouvrent sur la nature environnante ou sur la vaste cour int\u00e9rieure de l&rsquo;Ecosite de Villarceaux. Elles &hellip;<\/p>\n","protected":false},"author":1,"featured_media":0,"parent":0,"menu_order":0,"comment_status":"closed","ping_status":"closed","template":"","meta":{"footnotes":""},"class_list":["post-320","page","type-page","status-publish","hentry"],"_links":{"self":[{"href":"https:\/\/ecosite-villarceaux.org\/index.php\/wp-json\/wp\/v2\/pages\/320","targetHints":{"allow":["GET"]}}],"collection":[{"href":"https:\/\/ecosite-villarceaux.org\/index.php\/wp-json\/wp\/v2\/pages"}],"about":[{"href":"https:\/\/ecosite-villarceaux.org\/index.php\/wp-json\/wp\/v2\/types\/page"}],"author":[{"embeddable":true,"href":"https:\/\/ecosite-villarceaux.org\/index.php\/wp-json\/wp\/v2\/users\/1"}],"replies":[{"embeddable":true,"href":"https:\/\/ecosite-villarceaux.org\/index.php\/wp-json\/wp\/v2\/comments?post=320"}],"version-history":[{"count":6,"href":"https:\/\/ecosite-villarceaux.org\/index.php\/wp-json\/wp\/v2\/pages\/320\/revisions"}],"predecessor-version":[{"id":628,"href":"https:\/\/ecosite-villarceaux.org\/index.php\/wp-json\/wp\/v2\/pages\/320\/revisions\/628"}],"wp:attachment":[{"href":"https:\/\/ecosite-villarceaux.org\/index.php\/wp-json\/wp\/v2\/media?parent=320"}],"curies":[{"name":"wp","href":"https:\/\/api.w.org\/{rel}","templated":true}]}}