{"id":288,"date":"2022-06-01T17:08:14","date_gmt":"2022-06-01T15:08:14","guid":{"rendered":"https:\/\/ecosite-villarceaux.org\/?page_id=288"},"modified":"2025-09-27T09:49:17","modified_gmt":"2025-09-27T07:49:17","slug":"salle-coudray-1","status":"publish","type":"page","link":"https:\/\/ecosite-villarceaux.org\/index.php\/salle-coudray-1\/","title":{"rendered":"Salle Coudray 1"},"content":{"rendered":"\n<p><strong>La salle Coudray 1, au rez-de-chauss\u00e9e b\u00e9n\u00e9ficie d&rsquo;une double exposition, dont une ouverture sur la vaste cour int\u00e9rieure de l&rsquo;Ecosite de Villarceaux. Elle est particuli\u00e8rement lumineuse et accueillante. <\/strong><\/p>\n\n\n\n<figure class=\"wp-block-gallery has-nested-images columns-default is-cropped wp-block-gallery-1 is-layout-flex wp-block-gallery-is-layout-flex\">\n<figure class=\"wp-block-image size-large\"><img loading=\"lazy\" decoding=\"async\" width=\"1008\" height=\"567\" data-id=\"910\" src=\"https:\/\/ecosite-villarceaux.org\/wp-content\/uploads\/2025\/09\/Coudray-1-N\u00b02.jpg\" alt=\"\" class=\"wp-image-910\" srcset=\"https:\/\/ecosite-villarceaux.org\/wp-content\/uploads\/2025\/09\/Coudray-1-N\u00b02.jpg 1008w, https:\/\/ecosite-villarceaux.org\/wp-content\/uploads\/2025\/09\/Coudray-1-N\u00b02-300x169.jpg 300w, https:\/\/ecosite-villarceaux.org\/wp-content\/uploads\/2025\/09\/Coudray-1-N\u00b02-768x432.jpg 768w\" sizes=\"auto, (max-width: 1008px) 100vw, 1008px\" \/><\/figure>\n<\/figure>\n\n\n\n<div style=\"height:19px\" aria-hidden=\"true\" class=\"wp-block-spacer\"><\/div>\n\n\n\n<figure class=\"wp-block-image size-full\"><img loading=\"lazy\" decoding=\"async\" width=\"1008\" height=\"567\" src=\"https:\/\/ecosite-villarceaux.org\/wp-content\/uploads\/2025\/09\/Coudray-1-N\u00b01.jpg\" alt=\"\" class=\"wp-image-909\" srcset=\"https:\/\/ecosite-villarceaux.org\/wp-content\/uploads\/2025\/09\/Coudray-1-N\u00b01.jpg 1008w, https:\/\/ecosite-villarceaux.org\/wp-content\/uploads\/2025\/09\/Coudray-1-N\u00b01-300x169.jpg 300w, https:\/\/ecosite-villarceaux.org\/wp-content\/uploads\/2025\/09\/Coudray-1-N\u00b01-768x432.jpg 768w\" sizes=\"auto, (max-width: 1008px) 100vw, 1008px\" \/><\/figure>\n\n\n\n<p><\/p>\n\n\n\n<p>Salle <em>Coudray 1<\/em><\/p>\n\n\n\n<p>Avec une surface de 63 m\u00b2, elle peut accueillir 30 personnes. Elle dispose d\u2019une large cuisine toute \u00e9quip\u00e9e et de sanitaires, l&rsquo;ensemble autorisant des r\u00e9unions prolong\u00e9es.<\/p>\n\n\n\n<p>Et bien s\u00fbr, comme toutes nos salles, du wifi, d&rsquo;un vid\u00e9o-projecteur, paper board, tableau blanc et de sanitaires. <\/p>\n\n\n\n<p><em>Superficie&nbsp;: 63m\u00b2<br>Dimensions: longueur 9.70 m \u2013 largeur 6.30m<br>Nombres de tables&nbsp;: 13 \/ dimensions&nbsp;:1.80m x 0.45m<br>Chaises&nbsp;: 3<\/em>0<\/p>\n\n\n\n<h2 class=\"wp-block-heading\">Equipements<\/h2>\n\n\n\n<ul class=\"wp-block-list\">\n<li>Eclairage naturel<\/li>\n\n\n\n<li>Cuisine toute \u00e9quip\u00e9e pour 30 personnes&nbsp;: 1 plaque vitro c\u00e9ramique, 1 four,1 four micro-onde, <\/li>\n\n\n\n<li>2 r\u00e9frig\u00e9rateurs,1 lave-vaisselle et vaisselle.<\/li>\n\n\n\n<li>1 tableau blanc et \u00e9cran<\/li>\n\n\n\n<li>Vid\u00e9o projecteur (sur demande)<\/li>\n\n\n\n<li>Paper board (sur demande)<\/li>\n\n\n\n<li>WI-FI<\/li>\n\n\n\n<li>Sanitaire et Evier<\/li>\n<\/ul>\n","protected":false},"excerpt":{"rendered":"<p>La salle Coudray 1, au rez-de-chauss\u00e9e b\u00e9n\u00e9ficie d&rsquo;une double exposition, dont une ouverture sur la vaste cour int\u00e9rieure de l&rsquo;Ecosite de Villarceaux. Elle est particuli\u00e8rement lumineuse et accueillante. Salle Coudray 1 Avec une surface de 63 m\u00b2, elle peut accueillir 30 personnes. Elle dispose d\u2019une large cuisine toute \u00e9quip\u00e9e et de sanitaires, l&rsquo;ensemble autorisant des &hellip;<\/p>\n","protected":false},"author":1,"featured_media":0,"parent":0,"menu_order":0,"comment_status":"closed","ping_status":"closed","template":"","meta":{"footnotes":""},"class_list":["post-288","page","type-page","status-publish","hentry"],"_links":{"self":[{"href":"https:\/\/ecosite-villarceaux.org\/index.php\/wp-json\/wp\/v2\/pages\/288","targetHints":{"allow":["GET"]}}],"collection":[{"href":"https:\/\/ecosite-villarceaux.org\/index.php\/wp-json\/wp\/v2\/pages"}],"about":[{"href":"https:\/\/ecosite-villarceaux.org\/index.php\/wp-json\/wp\/v2\/types\/page"}],"author":[{"embeddable":true,"href":"https:\/\/ecosite-villarceaux.org\/index.php\/wp-json\/wp\/v2\/users\/1"}],"replies":[{"embeddable":true,"href":"https:\/\/ecosite-villarceaux.org\/index.php\/wp-json\/wp\/v2\/comments?post=288"}],"version-history":[{"count":12,"href":"https:\/\/ecosite-villarceaux.org\/index.php\/wp-json\/wp\/v2\/pages\/288\/revisions"}],"predecessor-version":[{"id":913,"href":"https:\/\/ecosite-villarceaux.org\/index.php\/wp-json\/wp\/v2\/pages\/288\/revisions\/913"}],"wp:attachment":[{"href":"https:\/\/ecosite-villarceaux.org\/index.php\/wp-json\/wp\/v2\/media?parent=288"}],"curies":[{"name":"wp","href":"https:\/\/api.w.org\/{rel}","templated":true}]}}