{"id":283,"date":"2022-06-01T17:00:58","date_gmt":"2022-06-01T15:00:58","guid":{"rendered":"https:\/\/ecosite-villarceaux.org\/?page_id=283"},"modified":"2023-07-04T11:28:04","modified_gmt":"2023-07-04T09:28:04","slug":"salle-pleniere","status":"publish","type":"page","link":"https:\/\/ecosite-villarceaux.org\/index.php\/salle-pleniere\/","title":{"rendered":"Salle pl\u00e9ni\u00e8re"},"content":{"rendered":"\n<figure class=\"wp-block-image size-full\"><img loading=\"lazy\" decoding=\"async\" width=\"2483\" height=\"1656\" src=\"https:\/\/ecosite-villarceaux.org\/wp-content\/uploads\/2022\/06\/KEIALA-IMMO-LBV-web-88.jpg\" alt=\"\" class=\"wp-image-308\" srcset=\"https:\/\/ecosite-villarceaux.org\/wp-content\/uploads\/2022\/06\/KEIALA-IMMO-LBV-web-88.jpg 2483w, https:\/\/ecosite-villarceaux.org\/wp-content\/uploads\/2022\/06\/KEIALA-IMMO-LBV-web-88-300x200.jpg 300w, https:\/\/ecosite-villarceaux.org\/wp-content\/uploads\/2022\/06\/KEIALA-IMMO-LBV-web-88-1024x683.jpg 1024w, https:\/\/ecosite-villarceaux.org\/wp-content\/uploads\/2022\/06\/KEIALA-IMMO-LBV-web-88-768x512.jpg 768w, https:\/\/ecosite-villarceaux.org\/wp-content\/uploads\/2022\/06\/KEIALA-IMMO-LBV-web-88-1536x1024.jpg 1536w, https:\/\/ecosite-villarceaux.org\/wp-content\/uploads\/2022\/06\/KEIALA-IMMO-LBV-web-88-2048x1366.jpg 2048w\" sizes=\"auto, (max-width: 2483px) 100vw, 2483px\" \/><\/figure>\n\n\n\n<p><\/p>\n\n\n\n<p><strong>II s\u2019agit de la plus grande salle disponible (160m2), b\u00e9n\u00e9ficiant d\u2019une double exposition avec une  vue sur le vallon et des ouvertures sur la vaste cour int\u00e9rieure de l&rsquo;Ecosite de Villarceaux. <\/strong><br><strong>D&rsquo;une capacit\u00e9 d&rsquo;accueil de 110 personnes, elle est mitoyenne du restaurant et dispose de sanitaires et, comme partout sur le site, du wifi.<\/strong> Reagardez notre visite virtuelle ci-dessous<\/p>\n\n\n\n<iframe width='853' height='480' src='https:\/\/my.matterport.com\/show\/?m=c18bkRL2Lun' frameborder='0' allowfullscreen allow='xr-spatial-tracking'><\/iframe>\n\n\n\n<p><\/p>\n\n\n\n<figure class=\"wp-block-gallery has-nested-images columns-default is-cropped wp-block-gallery-1 is-layout-flex wp-block-gallery-is-layout-flex\">\n<figure class=\"wp-block-image size-full\"><a href=\"https:\/\/ecosite-villarceaux.org\/wp-content\/uploads\/2022\/06\/2019-02-08_salle-pleniere-2_cev.jpg\"><img loading=\"lazy\" decoding=\"async\" width=\"800\" height=\"600\" data-id=\"305\" src=\"https:\/\/ecosite-villarceaux.org\/wp-content\/uploads\/2022\/06\/2019-02-08_salle-pleniere-2_cev.jpg\" alt=\"\" class=\"wp-image-305\" srcset=\"https:\/\/ecosite-villarceaux.org\/wp-content\/uploads\/2022\/06\/2019-02-08_salle-pleniere-2_cev.jpg 800w, https:\/\/ecosite-villarceaux.org\/wp-content\/uploads\/2022\/06\/2019-02-08_salle-pleniere-2_cev-300x225.jpg 300w, https:\/\/ecosite-villarceaux.org\/wp-content\/uploads\/2022\/06\/2019-02-08_salle-pleniere-2_cev-768x576.jpg 768w\" sizes=\"auto, (max-width: 800px) 100vw, 800px\" \/><\/a><\/figure>\n\n\n\n<figure class=\"wp-block-image size-full\"><a href=\"https:\/\/ecosite-villarceaux.org\/wp-content\/uploads\/2022\/06\/KEIALA-IMMO-LBV-web-77.jpg\"><img loading=\"lazy\" decoding=\"async\" width=\"2487\" height=\"1658\" data-id=\"310\" src=\"https:\/\/ecosite-villarceaux.org\/wp-content\/uploads\/2022\/06\/KEIALA-IMMO-LBV-web-77.jpg\" alt=\"\" class=\"wp-image-310\" srcset=\"https:\/\/ecosite-villarceaux.org\/wp-content\/uploads\/2022\/06\/KEIALA-IMMO-LBV-web-77.jpg 2487w, https:\/\/ecosite-villarceaux.org\/wp-content\/uploads\/2022\/06\/KEIALA-IMMO-LBV-web-77-300x200.jpg 300w, https:\/\/ecosite-villarceaux.org\/wp-content\/uploads\/2022\/06\/KEIALA-IMMO-LBV-web-77-1024x683.jpg 1024w, https:\/\/ecosite-villarceaux.org\/wp-content\/uploads\/2022\/06\/KEIALA-IMMO-LBV-web-77-768x512.jpg 768w, https:\/\/ecosite-villarceaux.org\/wp-content\/uploads\/2022\/06\/KEIALA-IMMO-LBV-web-77-1536x1024.jpg 1536w, https:\/\/ecosite-villarceaux.org\/wp-content\/uploads\/2022\/06\/KEIALA-IMMO-LBV-web-77-2048x1365.jpg 2048w\" sizes=\"auto, (max-width: 2487px) 100vw, 2487px\" \/><\/a><\/figure>\n\n\n\n<figure class=\"wp-block-image size-full\"><a href=\"https:\/\/ecosite-villarceaux.org\/wp-content\/uploads\/2022\/06\/KEIALA-IMMO-LBV-web-86.jpg\"><img loading=\"lazy\" decoding=\"async\" width=\"2483\" height=\"1655\" data-id=\"309\" src=\"https:\/\/ecosite-villarceaux.org\/wp-content\/uploads\/2022\/06\/KEIALA-IMMO-LBV-web-86.jpg\" alt=\"\" class=\"wp-image-309\" srcset=\"https:\/\/ecosite-villarceaux.org\/wp-content\/uploads\/2022\/06\/KEIALA-IMMO-LBV-web-86.jpg 2483w, https:\/\/ecosite-villarceaux.org\/wp-content\/uploads\/2022\/06\/KEIALA-IMMO-LBV-web-86-300x200.jpg 300w, https:\/\/ecosite-villarceaux.org\/wp-content\/uploads\/2022\/06\/KEIALA-IMMO-LBV-web-86-1024x683.jpg 1024w, https:\/\/ecosite-villarceaux.org\/wp-content\/uploads\/2022\/06\/KEIALA-IMMO-LBV-web-86-768x512.jpg 768w, https:\/\/ecosite-villarceaux.org\/wp-content\/uploads\/2022\/06\/KEIALA-IMMO-LBV-web-86-1536x1024.jpg 1536w, https:\/\/ecosite-villarceaux.org\/wp-content\/uploads\/2022\/06\/KEIALA-IMMO-LBV-web-86-2048x1365.jpg 2048w\" sizes=\"auto, (max-width: 2483px) 100vw, 2483px\" \/><\/a><\/figure>\n\n\n\n<figure class=\"wp-block-image size-full\"><a href=\"https:\/\/ecosite-villarceaux.org\/wp-content\/uploads\/2022\/06\/KEIALA-IMMO-LBV-web-87.jpg\"><img loading=\"lazy\" decoding=\"async\" width=\"2484\" height=\"1656\" data-id=\"311\" src=\"https:\/\/ecosite-villarceaux.org\/wp-content\/uploads\/2022\/06\/KEIALA-IMMO-LBV-web-87.jpg\" alt=\"\" class=\"wp-image-311\" srcset=\"https:\/\/ecosite-villarceaux.org\/wp-content\/uploads\/2022\/06\/KEIALA-IMMO-LBV-web-87.jpg 2484w, https:\/\/ecosite-villarceaux.org\/wp-content\/uploads\/2022\/06\/KEIALA-IMMO-LBV-web-87-300x200.jpg 300w, https:\/\/ecosite-villarceaux.org\/wp-content\/uploads\/2022\/06\/KEIALA-IMMO-LBV-web-87-1024x683.jpg 1024w, https:\/\/ecosite-villarceaux.org\/wp-content\/uploads\/2022\/06\/KEIALA-IMMO-LBV-web-87-768x512.jpg 768w, https:\/\/ecosite-villarceaux.org\/wp-content\/uploads\/2022\/06\/KEIALA-IMMO-LBV-web-87-1536x1024.jpg 1536w, https:\/\/ecosite-villarceaux.org\/wp-content\/uploads\/2022\/06\/KEIALA-IMMO-LBV-web-87-2048x1365.jpg 2048w\" sizes=\"auto, (max-width: 2484px) 100vw, 2484px\" \/><\/a><\/figure>\n\n\n\n<figure class=\"wp-block-image size-full\"><a href=\"https:\/\/ecosite-villarceaux.org\/wp-content\/uploads\/2022\/06\/KEIALA-IMMO-LBV-web-88.jpg\"><img loading=\"lazy\" decoding=\"async\" width=\"2483\" height=\"1656\" data-id=\"308\" src=\"https:\/\/ecosite-villarceaux.org\/wp-content\/uploads\/2022\/06\/KEIALA-IMMO-LBV-web-88.jpg\" alt=\"\" class=\"wp-image-308\" srcset=\"https:\/\/ecosite-villarceaux.org\/wp-content\/uploads\/2022\/06\/KEIALA-IMMO-LBV-web-88.jpg 2483w, https:\/\/ecosite-villarceaux.org\/wp-content\/uploads\/2022\/06\/KEIALA-IMMO-LBV-web-88-300x200.jpg 300w, https:\/\/ecosite-villarceaux.org\/wp-content\/uploads\/2022\/06\/KEIALA-IMMO-LBV-web-88-1024x683.jpg 1024w, https:\/\/ecosite-villarceaux.org\/wp-content\/uploads\/2022\/06\/KEIALA-IMMO-LBV-web-88-768x512.jpg 768w, https:\/\/ecosite-villarceaux.org\/wp-content\/uploads\/2022\/06\/KEIALA-IMMO-LBV-web-88-1536x1024.jpg 1536w, https:\/\/ecosite-villarceaux.org\/wp-content\/uploads\/2022\/06\/KEIALA-IMMO-LBV-web-88-2048x1366.jpg 2048w\" sizes=\"auto, (max-width: 2483px) 100vw, 2483px\" \/><\/a><\/figure>\n\n\n\n<figure class=\"wp-block-image size-full\"><a href=\"https:\/\/ecosite-villarceaux.org\/wp-content\/uploads\/2022\/06\/pleniere_fauteuils.jpg\"><img loading=\"lazy\" decoding=\"async\" width=\"960\" height=\"720\" data-id=\"304\" src=\"https:\/\/ecosite-villarceaux.org\/wp-content\/uploads\/2022\/06\/pleniere_fauteuils.jpg\" alt=\"\" class=\"wp-image-304\" srcset=\"https:\/\/ecosite-villarceaux.org\/wp-content\/uploads\/2022\/06\/pleniere_fauteuils.jpg 960w, https:\/\/ecosite-villarceaux.org\/wp-content\/uploads\/2022\/06\/pleniere_fauteuils-300x225.jpg 300w, https:\/\/ecosite-villarceaux.org\/wp-content\/uploads\/2022\/06\/pleniere_fauteuils-768x576.jpg 768w\" sizes=\"auto, (max-width: 960px) 100vw, 960px\" \/><\/a><\/figure>\n\n\n\n<figure class=\"wp-block-image size-full\"><a href=\"https:\/\/ecosite-villarceaux.org\/wp-content\/uploads\/2022\/06\/pleniere_tables.jpg\"><img loading=\"lazy\" decoding=\"async\" width=\"960\" height=\"720\" data-id=\"306\" src=\"https:\/\/ecosite-villarceaux.org\/wp-content\/uploads\/2022\/06\/pleniere_tables.jpg\" alt=\"\" class=\"wp-image-306\" srcset=\"https:\/\/ecosite-villarceaux.org\/wp-content\/uploads\/2022\/06\/pleniere_tables.jpg 960w, https:\/\/ecosite-villarceaux.org\/wp-content\/uploads\/2022\/06\/pleniere_tables-300x225.jpg 300w, https:\/\/ecosite-villarceaux.org\/wp-content\/uploads\/2022\/06\/pleniere_tables-768x576.jpg 768w\" sizes=\"auto, (max-width: 960px) 100vw, 960px\" \/><\/a><\/figure>\n<figcaption class=\"blocks-gallery-caption wp-element-caption\"><em>Diverses configurations de la salle pl\u00e9ni\u00e8re<\/em><\/figcaption><\/figure>\n\n\n\n<p><\/p>\n\n\n\n<p>Elle peut \u00eatre \u00e9quip\u00e9e de fauteuils conf\u00e9rence avec tablettes, de tables et chaises pour des r\u00e9unions. elle dispose d\u2019une r\u00e9gie son, lecteurs DVD Blue Ray et de deux micros HF baladeurs. <\/p>\n\n\n\n<p>Avec ses ouvertures occultables, elle est adapt\u00e9e \u00e0 toutes sortes d&rsquo;\u00e9v\u00e8nements. La salle pl\u00e9ni\u00e8re vous accueille pour vos s\u00e9minaires, f\u00eates et mariages, s\u00e9ance de projection et r\u00e9ceptions de tous ordres. <\/p>\n\n\n\n<figure class=\"wp-block-image size-large\"><img loading=\"lazy\" decoding=\"async\" width=\"1024\" height=\"771\" src=\"https:\/\/ecosite-villarceaux.org\/wp-content\/uploads\/2022\/06\/exterieurs_pleniere-1024x771.jpg\" alt=\"\" class=\"wp-image-361\" srcset=\"https:\/\/ecosite-villarceaux.org\/wp-content\/uploads\/2022\/06\/exterieurs_pleniere-1024x771.jpg 1024w, https:\/\/ecosite-villarceaux.org\/wp-content\/uploads\/2022\/06\/exterieurs_pleniere-300x226.jpg 300w, https:\/\/ecosite-villarceaux.org\/wp-content\/uploads\/2022\/06\/exterieurs_pleniere-768x578.jpg 768w, https:\/\/ecosite-villarceaux.org\/wp-content\/uploads\/2022\/06\/exterieurs_pleniere-1536x1157.jpg 1536w, https:\/\/ecosite-villarceaux.org\/wp-content\/uploads\/2022\/06\/exterieurs_pleniere-2048x1542.jpg 2048w\" sizes=\"auto, (max-width: 1024px) 100vw, 1024px\" \/><figcaption class=\"wp-element-caption\">Ext\u00e9rieurs devant la salle pl\u00e9ni\u00e8re, le restaurant et les Carri\u00e8res<\/figcaption><\/figure>\n\n\n\n<h2 class=\"wp-block-heading\">Equipements<\/h2>\n\n\n\n<ul class=\"wp-block-list\">\n<li>110 fauteuils conf\u00e9rence avec tablettes<\/li>\n\n\n\n<li>Tables 1.40 m X 0.80 m.<\/li>\n\n\n\n<li>110 chaises<\/li>\n\n\n\n<li>Vid\u00e9o projecteur&nbsp;et d\u2019un \u00e9cran<\/li>\n\n\n\n<li>R\u00e9gie son et 2 micros sans fil<\/li>\n\n\n\n<li>R\u00e9frig\u00e9rateur.<\/li>\n\n\n\n<li>Eclairage naturel, brise soleil et rideaux occultants.<\/li>\n\n\n\n<li>WI-FI<\/li>\n\n\n\n<li>Possibilit\u00e9 d\u2019extension sur le restaurant pour atteindre une capacit\u00e9 de 200 personnes<\/li>\n\n\n\n<li>Liaison par pr\u00e9au avec les salles carri\u00e8res 1 et carri\u00e8res 2 pour d\u00e9velopper des ateliers.<\/li>\n\n\n\n<li>4 sanitaires<\/li>\n<\/ul>\n","protected":false},"excerpt":{"rendered":"<p>II s\u2019agit de la plus grande salle disponible (160m2), b\u00e9n\u00e9ficiant d\u2019une double exposition avec une vue sur le vallon et des ouvertures sur la vaste cour int\u00e9rieure de l&rsquo;Ecosite de Villarceaux. D&rsquo;une capacit\u00e9 d&rsquo;accueil de 110 personnes, elle est mitoyenne du restaurant et dispose de sanitaires et, comme partout sur le site, du wifi. Reagardez &hellip;<\/p>\n","protected":false},"author":1,"featured_media":0,"parent":0,"menu_order":0,"comment_status":"closed","ping_status":"closed","template":"","meta":{"footnotes":""},"class_list":["post-283","page","type-page","status-publish","hentry"],"_links":{"self":[{"href":"https:\/\/ecosite-villarceaux.org\/index.php\/wp-json\/wp\/v2\/pages\/283","targetHints":{"allow":["GET"]}}],"collection":[{"href":"https:\/\/ecosite-villarceaux.org\/index.php\/wp-json\/wp\/v2\/pages"}],"about":[{"href":"https:\/\/ecosite-villarceaux.org\/index.php\/wp-json\/wp\/v2\/types\/page"}],"author":[{"embeddable":true,"href":"https:\/\/ecosite-villarceaux.org\/index.php\/wp-json\/wp\/v2\/users\/1"}],"replies":[{"embeddable":true,"href":"https:\/\/ecosite-villarceaux.org\/index.php\/wp-json\/wp\/v2\/comments?post=283"}],"version-history":[{"count":19,"href":"https:\/\/ecosite-villarceaux.org\/index.php\/wp-json\/wp\/v2\/pages\/283\/revisions"}],"predecessor-version":[{"id":857,"href":"https:\/\/ecosite-villarceaux.org\/index.php\/wp-json\/wp\/v2\/pages\/283\/revisions\/857"}],"wp:attachment":[{"href":"https:\/\/ecosite-villarceaux.org\/index.php\/wp-json\/wp\/v2\/media?parent=283"}],"curies":[{"name":"wp","href":"https:\/\/api.w.org\/{rel}","templated":true}]}}