{"id":261,"date":"2022-06-01T12:31:32","date_gmt":"2022-06-01T10:31:32","guid":{"rendered":"https:\/\/ecosite-villarceaux.org\/?page_id=261"},"modified":"2022-12-08T10:40:41","modified_gmt":"2022-12-08T09:40:41","slug":"les-corbiers","status":"publish","type":"page","link":"https:\/\/ecosite-villarceaux.org\/index.php\/les-corbiers\/","title":{"rendered":"Les Corbiers"},"content":{"rendered":"\n<figure class=\"wp-block-image size-large\"><img loading=\"lazy\" decoding=\"async\" width=\"1024\" height=\"683\" src=\"https:\/\/ecosite-villarceaux.org\/wp-content\/uploads\/2022\/12\/COR-SALLE-1024x683.jpg\" alt=\"\" class=\"wp-image-771\" srcset=\"https:\/\/ecosite-villarceaux.org\/wp-content\/uploads\/2022\/12\/COR-SALLE-1024x683.jpg 1024w, https:\/\/ecosite-villarceaux.org\/wp-content\/uploads\/2022\/12\/COR-SALLE-300x200.jpg 300w, https:\/\/ecosite-villarceaux.org\/wp-content\/uploads\/2022\/12\/COR-SALLE-768x512.jpg 768w, https:\/\/ecosite-villarceaux.org\/wp-content\/uploads\/2022\/12\/COR-SALLE-1536x1024.jpg 1536w, https:\/\/ecosite-villarceaux.org\/wp-content\/uploads\/2022\/12\/COR-SALLE-2048x1365.jpg 2048w\" sizes=\"auto, (max-width: 1024px) 100vw, 1024px\" \/><figcaption class=\"wp-element-caption\">La cuisine des Corbiers<\/figcaption><\/figure>\n\n\n\n<p><strong>Les Corbiers est un g\u00eete un peu \u00e0 l&rsquo;\u00e9cart des b\u00e2timents principaux de l&rsquo;Ecosite de Villarceaux. Pouvant accueillir jusqu&rsquo;\u00e0 8 personnes, ce g\u00eete est de plain-pied.<\/strong><\/p>\n\n\n\n<p>Ouvrant sur la nature environnante, c&rsquo;est un g\u00eete reposant et apaisant.<\/p>\n\n\n\n<p>Les couchages sont faits \u00e0 l&rsquo;arriv\u00e9e. Le linge de maison et de toilette est fourni et le m\u00e9nage de fin de s\u00e9jour est inclus dans le forfait.<\/p>\n\n\n\n<figure class=\"wp-block-gallery has-nested-images columns-default is-cropped wp-block-gallery-1 is-layout-flex wp-block-gallery-is-layout-flex\">\n<figure class=\"wp-block-image size-large\"><img loading=\"lazy\" decoding=\"async\" width=\"1024\" height=\"683\" data-id=\"768\" src=\"https:\/\/ecosite-villarceaux.org\/wp-content\/uploads\/2022\/12\/COR-CHAMBRE-1-1024x683.jpg\" alt=\"\" class=\"wp-image-768\" srcset=\"https:\/\/ecosite-villarceaux.org\/wp-content\/uploads\/2022\/12\/COR-CHAMBRE-1-1024x683.jpg 1024w, https:\/\/ecosite-villarceaux.org\/wp-content\/uploads\/2022\/12\/COR-CHAMBRE-1-300x200.jpg 300w, https:\/\/ecosite-villarceaux.org\/wp-content\/uploads\/2022\/12\/COR-CHAMBRE-1-768x512.jpg 768w, https:\/\/ecosite-villarceaux.org\/wp-content\/uploads\/2022\/12\/COR-CHAMBRE-1-1536x1024.jpg 1536w\" sizes=\"auto, (max-width: 1024px) 100vw, 1024px\" \/><\/figure>\n\n\n\n<figure class=\"wp-block-image size-large\"><img loading=\"lazy\" decoding=\"async\" width=\"1024\" height=\"683\" data-id=\"769\" src=\"https:\/\/ecosite-villarceaux.org\/wp-content\/uploads\/2022\/12\/COR-CHAMBRE-3-1024x683.jpg\" alt=\"\" class=\"wp-image-769\" srcset=\"https:\/\/ecosite-villarceaux.org\/wp-content\/uploads\/2022\/12\/COR-CHAMBRE-3-1024x683.jpg 1024w, https:\/\/ecosite-villarceaux.org\/wp-content\/uploads\/2022\/12\/COR-CHAMBRE-3-300x200.jpg 300w, https:\/\/ecosite-villarceaux.org\/wp-content\/uploads\/2022\/12\/COR-CHAMBRE-3-768x512.jpg 768w, https:\/\/ecosite-villarceaux.org\/wp-content\/uploads\/2022\/12\/COR-CHAMBRE-3-1536x1024.jpg 1536w\" sizes=\"auto, (max-width: 1024px) 100vw, 1024px\" \/><\/figure>\n\n\n\n<figure class=\"wp-block-image size-large\"><img loading=\"lazy\" decoding=\"async\" width=\"1024\" height=\"683\" data-id=\"772\" src=\"https:\/\/ecosite-villarceaux.org\/wp-content\/uploads\/2022\/12\/COR-Cuisine-1024x683.jpg\" alt=\"\" class=\"wp-image-772\" srcset=\"https:\/\/ecosite-villarceaux.org\/wp-content\/uploads\/2022\/12\/COR-Cuisine-1024x683.jpg 1024w, https:\/\/ecosite-villarceaux.org\/wp-content\/uploads\/2022\/12\/COR-Cuisine-300x200.jpg 300w, https:\/\/ecosite-villarceaux.org\/wp-content\/uploads\/2022\/12\/COR-Cuisine-768x512.jpg 768w, https:\/\/ecosite-villarceaux.org\/wp-content\/uploads\/2022\/12\/COR-Cuisine-1536x1024.jpg 1536w\" sizes=\"auto, (max-width: 1024px) 100vw, 1024px\" \/><\/figure>\n<figcaption class=\"blocks-gallery-caption wp-element-caption\">Les chambres<\/figcaption><\/figure>\n","protected":false},"excerpt":{"rendered":"<p>Les Corbiers est un g\u00eete un peu \u00e0 l&rsquo;\u00e9cart des b\u00e2timents principaux de l&rsquo;Ecosite de Villarceaux. Pouvant accueillir jusqu&rsquo;\u00e0 8 personnes, ce g\u00eete est de plain-pied. Ouvrant sur la nature environnante, c&rsquo;est un g\u00eete reposant et apaisant. Les couchages sont faits \u00e0 l&rsquo;arriv\u00e9e. Le linge de maison et de toilette est fourni et le m\u00e9nage &hellip;<\/p>\n","protected":false},"author":1,"featured_media":0,"parent":0,"menu_order":0,"comment_status":"closed","ping_status":"closed","template":"","meta":{"footnotes":""},"class_list":["post-261","page","type-page","status-publish","hentry"],"_links":{"self":[{"href":"https:\/\/ecosite-villarceaux.org\/index.php\/wp-json\/wp\/v2\/pages\/261","targetHints":{"allow":["GET"]}}],"collection":[{"href":"https:\/\/ecosite-villarceaux.org\/index.php\/wp-json\/wp\/v2\/pages"}],"about":[{"href":"https:\/\/ecosite-villarceaux.org\/index.php\/wp-json\/wp\/v2\/types\/page"}],"author":[{"embeddable":true,"href":"https:\/\/ecosite-villarceaux.org\/index.php\/wp-json\/wp\/v2\/users\/1"}],"replies":[{"embeddable":true,"href":"https:\/\/ecosite-villarceaux.org\/index.php\/wp-json\/wp\/v2\/comments?post=261"}],"version-history":[{"count":9,"href":"https:\/\/ecosite-villarceaux.org\/index.php\/wp-json\/wp\/v2\/pages\/261\/revisions"}],"predecessor-version":[{"id":773,"href":"https:\/\/ecosite-villarceaux.org\/index.php\/wp-json\/wp\/v2\/pages\/261\/revisions\/773"}],"wp:attachment":[{"href":"https:\/\/ecosite-villarceaux.org\/index.php\/wp-json\/wp\/v2\/media?parent=261"}],"curies":[{"name":"wp","href":"https:\/\/api.w.org\/{rel}","templated":true}]}}