{"id":251,"date":"2022-06-01T12:30:03","date_gmt":"2022-06-01T10:30:03","guid":{"rendered":"https:\/\/ecosite-villarceaux.org\/?page_id=251"},"modified":"2022-12-08T10:44:34","modified_gmt":"2022-12-08T09:44:34","slug":"le-hetre-boitel","status":"publish","type":"page","link":"https:\/\/ecosite-villarceaux.org\/index.php\/le-hetre-boitel\/","title":{"rendered":"Le H\u00eatre Boitel"},"content":{"rendered":"\n<figure class=\"wp-block-image size-large\"><img loading=\"lazy\" decoding=\"async\" width=\"1024\" height=\"683\" src=\"https:\/\/ecosite-villarceaux.org\/wp-content\/uploads\/2022\/12\/HEB-SALLE-1024x683.jpg\" alt=\"\" class=\"wp-image-778\" srcset=\"https:\/\/ecosite-villarceaux.org\/wp-content\/uploads\/2022\/12\/HEB-SALLE-1024x683.jpg 1024w, https:\/\/ecosite-villarceaux.org\/wp-content\/uploads\/2022\/12\/HEB-SALLE-300x200.jpg 300w, https:\/\/ecosite-villarceaux.org\/wp-content\/uploads\/2022\/12\/HEB-SALLE-768x512.jpg 768w, https:\/\/ecosite-villarceaux.org\/wp-content\/uploads\/2022\/12\/HEB-SALLE-1536x1024.jpg 1536w\" sizes=\"auto, (max-width: 1024px) 100vw, 1024px\" \/><\/figure>\n\n\n\n<p><strong>Un g\u00eete lumineux et parfaitement am\u00e9nag\u00e9 pour 5 personnes, disposant d&rsquo;une terrasse pour les petits d\u00e9jeuners ou pour se d\u00e9tendre.<\/strong><\/p>\n\n\n\n<p>Les couchages sont faits \u00e0 l&rsquo;arriv\u00e9e. Le linge de maison et de toilette est fourni et le m\u00e9nage de fin de s\u00e9jour est inclus dans le forfait.<\/p>\n\n\n\n<figure class=\"wp-block-gallery has-nested-images columns-default is-cropped wp-block-gallery-1 is-layout-flex wp-block-gallery-is-layout-flex\">\n<figure class=\"wp-block-image size-full\"><a href=\"https:\/\/ecosite-villarceaux.org\/wp-content\/uploads\/2022\/06\/5-le-hc3aatre-boitel-cuisine.jpg\" target=\"_blank\" rel=\"noopener\"><img loading=\"lazy\" decoding=\"async\" width=\"792\" height=\"526\" data-id=\"423\" src=\"https:\/\/ecosite-villarceaux.org\/wp-content\/uploads\/2022\/06\/5-le-hc3aatre-boitel-cuisine.jpg\" alt=\"\" class=\"wp-image-423\" srcset=\"https:\/\/ecosite-villarceaux.org\/wp-content\/uploads\/2022\/06\/5-le-hc3aatre-boitel-cuisine.jpg 792w, https:\/\/ecosite-villarceaux.org\/wp-content\/uploads\/2022\/06\/5-le-hc3aatre-boitel-cuisine-300x199.jpg 300w, https:\/\/ecosite-villarceaux.org\/wp-content\/uploads\/2022\/06\/5-le-hc3aatre-boitel-cuisine-768x510.jpg 768w\" sizes=\"auto, (max-width: 792px) 100vw, 792px\" \/><\/a><\/figure>\n\n\n\n<figure class=\"wp-block-image size-large\"><a href=\"https:\/\/ecosite-villarceaux.org\/wp-content\/uploads\/2022\/06\/IMG_20220603_102411-scaled.jpg\" target=\"_blank\" rel=\"noopener\"><img loading=\"lazy\" decoding=\"async\" width=\"1024\" height=\"768\" data-id=\"530\" src=\"https:\/\/ecosite-villarceaux.org\/wp-content\/uploads\/2022\/06\/IMG_20220603_102411-1024x768.jpg\" alt=\"\" class=\"wp-image-530\" srcset=\"https:\/\/ecosite-villarceaux.org\/wp-content\/uploads\/2022\/06\/IMG_20220603_102411-1024x768.jpg 1024w, https:\/\/ecosite-villarceaux.org\/wp-content\/uploads\/2022\/06\/IMG_20220603_102411-300x225.jpg 300w, https:\/\/ecosite-villarceaux.org\/wp-content\/uploads\/2022\/06\/IMG_20220603_102411-768x576.jpg 768w, https:\/\/ecosite-villarceaux.org\/wp-content\/uploads\/2022\/06\/IMG_20220603_102411-1536x1152.jpg 1536w, https:\/\/ecosite-villarceaux.org\/wp-content\/uploads\/2022\/06\/IMG_20220603_102411-2048x1536.jpg 2048w\" sizes=\"auto, (max-width: 1024px) 100vw, 1024px\" \/><\/a><\/figure>\n\n\n\n<figure class=\"wp-block-image size-large\"><a href=\"https:\/\/ecosite-villarceaux.org\/wp-content\/uploads\/2022\/06\/IMG_20220603_102331-scaled.jpg\" target=\"_blank\" rel=\"noopener\"><img loading=\"lazy\" decoding=\"async\" width=\"1024\" height=\"768\" data-id=\"529\" src=\"https:\/\/ecosite-villarceaux.org\/wp-content\/uploads\/2022\/06\/IMG_20220603_102331-1024x768.jpg\" alt=\"\" class=\"wp-image-529\" srcset=\"https:\/\/ecosite-villarceaux.org\/wp-content\/uploads\/2022\/06\/IMG_20220603_102331-1024x768.jpg 1024w, https:\/\/ecosite-villarceaux.org\/wp-content\/uploads\/2022\/06\/IMG_20220603_102331-300x225.jpg 300w, https:\/\/ecosite-villarceaux.org\/wp-content\/uploads\/2022\/06\/IMG_20220603_102331-768x576.jpg 768w, https:\/\/ecosite-villarceaux.org\/wp-content\/uploads\/2022\/06\/IMG_20220603_102331-1536x1152.jpg 1536w, https:\/\/ecosite-villarceaux.org\/wp-content\/uploads\/2022\/06\/IMG_20220603_102331-2048x1536.jpg 2048w\" sizes=\"auto, (max-width: 1024px) 100vw, 1024px\" \/><\/a><\/figure>\n<\/figure>\n","protected":false},"excerpt":{"rendered":"<p>Un g\u00eete lumineux et parfaitement am\u00e9nag\u00e9 pour 5 personnes, disposant d&rsquo;une terrasse pour les petits d\u00e9jeuners ou pour se d\u00e9tendre. Les couchages sont faits \u00e0 l&rsquo;arriv\u00e9e. Le linge de maison et de toilette est fourni et le m\u00e9nage de fin de s\u00e9jour est inclus dans le forfait.<\/p>\n","protected":false},"author":1,"featured_media":0,"parent":0,"menu_order":0,"comment_status":"closed","ping_status":"closed","template":"","meta":{"footnotes":""},"class_list":["post-251","page","type-page","status-publish","hentry"],"_links":{"self":[{"href":"https:\/\/ecosite-villarceaux.org\/index.php\/wp-json\/wp\/v2\/pages\/251","targetHints":{"allow":["GET"]}}],"collection":[{"href":"https:\/\/ecosite-villarceaux.org\/index.php\/wp-json\/wp\/v2\/pages"}],"about":[{"href":"https:\/\/ecosite-villarceaux.org\/index.php\/wp-json\/wp\/v2\/types\/page"}],"author":[{"embeddable":true,"href":"https:\/\/ecosite-villarceaux.org\/index.php\/wp-json\/wp\/v2\/users\/1"}],"replies":[{"embeddable":true,"href":"https:\/\/ecosite-villarceaux.org\/index.php\/wp-json\/wp\/v2\/comments?post=251"}],"version-history":[{"count":9,"href":"https:\/\/ecosite-villarceaux.org\/index.php\/wp-json\/wp\/v2\/pages\/251\/revisions"}],"predecessor-version":[{"id":779,"href":"https:\/\/ecosite-villarceaux.org\/index.php\/wp-json\/wp\/v2\/pages\/251\/revisions\/779"}],"wp:attachment":[{"href":"https:\/\/ecosite-villarceaux.org\/index.php\/wp-json\/wp\/v2\/media?parent=251"}],"curies":[{"name":"wp","href":"https:\/\/api.w.org\/{rel}","templated":true}]}}