{"id":2,"date":"2022-03-08T18:58:13","date_gmt":"2022-03-08T17:58:13","guid":{"rendered":"http:\/\/ecosite-villarceaux.org\/?page_id=2"},"modified":"2025-09-25T10:57:11","modified_gmt":"2025-09-25T08:57:11","slug":"page-d-exemple","status":"publish","type":"page","link":"https:\/\/ecosite-villarceaux.org\/index.php\/page-d-exemple\/","title":{"rendered":"Vivre une transition \u00e9co-responsable !"},"content":{"rendered":"\n<p><strong>L&rsquo;Ecosite de Villarceaux a fait l&rsquo;objet d&rsquo;une r\u00e9habilitation guid\u00e9e par des objectifs ambitieux d&rsquo;\u00e9co-d\u00e9veloppement. Depuis la production d&rsquo;\u00e9lectricit\u00e9 jusqu&rsquo;au lagunage, le site est d\u00e9di\u00e9 \u00e0 l&rsquo;exp\u00e9rimentation de solutions  innovantes en termes de d\u00e9veloppement soutenable. <\/strong><\/p>\n\n\n\n<p><strong>Entour\u00e9 de 800 hectares de terres et de bois, l&rsquo;Ecosite chauffe notamment l&rsquo;ensemble des h\u00e9bergements et des salles gr\u00e2ce aux plaquettes de bois produites par le domaine de la Bergerie de Villarceaux.<\/strong><\/p>\n\n\n\n<h3 class=\"wp-block-heading\">L\u2019\u00e9cor\u00e9habilitation illustr\u00e9e<\/h3>\n\n\n\n<figure class=\"wp-block-image size-full\"><img loading=\"lazy\" decoding=\"async\" width=\"2560\" height=\"1808\" src=\"https:\/\/ecosite-villarceaux.org\/wp-content\/uploads\/2022\/05\/Eco-Bergerie-BR-scaled.jpg\" alt=\"\" class=\"wp-image-127\" srcset=\"https:\/\/ecosite-villarceaux.org\/wp-content\/uploads\/2022\/05\/Eco-Bergerie-BR-scaled.jpg 2560w, https:\/\/ecosite-villarceaux.org\/wp-content\/uploads\/2022\/05\/Eco-Bergerie-BR-300x212.jpg 300w, https:\/\/ecosite-villarceaux.org\/wp-content\/uploads\/2022\/05\/Eco-Bergerie-BR-1024x723.jpg 1024w, https:\/\/ecosite-villarceaux.org\/wp-content\/uploads\/2022\/05\/Eco-Bergerie-BR-768x542.jpg 768w, https:\/\/ecosite-villarceaux.org\/wp-content\/uploads\/2022\/05\/Eco-Bergerie-BR-1536x1085.jpg 1536w, https:\/\/ecosite-villarceaux.org\/wp-content\/uploads\/2022\/05\/Eco-Bergerie-BR-2048x1446.jpg 2048w\" sizes=\"auto, (max-width: 2560px) 100vw, 2560px\" \/><figcaption class=\"wp-element-caption\">Cliquez sur l\u2019image pour lire les d\u00e9tails.<\/figcaption><\/figure>\n\n\n\n<h3 class=\"wp-block-heading\" id=\"energie-sobriete-et-isolation\">Energie, sobri\u00e9t\u00e9 et isolation<\/h3>\n\n\n\n<ul class=\"wp-block-list\">\n<li>Sobri\u00e9t\u00e9 \u00e9nerg\u00e9tique: isolation, optimisation , gestion rigoureuse des temp\u00e9ratures de chauffage<\/li>\n\n\n\n<li>Energies renouvelables: bois local pour le chauffage, panneaux solaires thermiques, panneaux solaires photovolta\u00efques<\/li>\n\n\n\n<li>Economies d\u2019eau potable, utilisation d\u2019eau de pluie<\/li>\n\n\n\n<li>Epuration naturelle des eaux us\u00e9es.<\/li>\n\n\n\n<li>Utilisation de mat\u00e9riaux biosourc\u00e9s: bois, li\u00e8ge, chanvre, linol\u00e9um naturel.<\/li>\n\n\n\n<li>Utilisation de mobiliers recycl\u00e9s <\/li>\n<\/ul>\n\n\n\n<h3 class=\"wp-block-heading\" id=\"une-energie-locale-geree-durablement-le-bois\">Chauffage<\/h3>\n\n\n\n<h4 class=\"wp-block-heading\" id=\"une-energie-locale-geree-durablement-le-bois\">Une \u00e9nergie locale g\u00e9r\u00e9e durablement : le bois<\/h4>\n\n\n\n<figure class=\"wp-block-image size-full\"><img loading=\"lazy\" decoding=\"async\" width=\"3512\" height=\"2480\" src=\"https:\/\/ecosite-villarceaux.org\/wp-content\/uploads\/2022\/05\/Panneaux-ENERGIE-1-BR.png\" alt=\"\" class=\"wp-image-128\" srcset=\"https:\/\/ecosite-villarceaux.org\/wp-content\/uploads\/2022\/05\/Panneaux-ENERGIE-1-BR.png 3512w, https:\/\/ecosite-villarceaux.org\/wp-content\/uploads\/2022\/05\/Panneaux-ENERGIE-1-BR-300x212.png 300w, https:\/\/ecosite-villarceaux.org\/wp-content\/uploads\/2022\/05\/Panneaux-ENERGIE-1-BR-1024x723.png 1024w, https:\/\/ecosite-villarceaux.org\/wp-content\/uploads\/2022\/05\/Panneaux-ENERGIE-1-BR-768x542.png 768w, https:\/\/ecosite-villarceaux.org\/wp-content\/uploads\/2022\/05\/Panneaux-ENERGIE-1-BR-1536x1085.png 1536w, https:\/\/ecosite-villarceaux.org\/wp-content\/uploads\/2022\/05\/Panneaux-ENERGIE-1-BR-2048x1446.png 2048w\" sizes=\"auto, (max-width: 3512px) 100vw, 3512px\" \/><figcaption class=\"wp-element-caption\">Cliquez sur l\u2019image pour lire les d\u00e9tails.<\/figcaption><\/figure>\n\n\n\n<figure class=\"wp-block-image size-full\"><img loading=\"lazy\" decoding=\"async\" width=\"2560\" height=\"1808\" src=\"https:\/\/ecosite-villarceaux.org\/wp-content\/uploads\/2022\/05\/Panneaux-energie2-BR-scaled.jpg\" alt=\"\" class=\"wp-image-130\" srcset=\"https:\/\/ecosite-villarceaux.org\/wp-content\/uploads\/2022\/05\/Panneaux-energie2-BR-scaled.jpg 2560w, https:\/\/ecosite-villarceaux.org\/wp-content\/uploads\/2022\/05\/Panneaux-energie2-BR-300x212.jpg 300w, https:\/\/ecosite-villarceaux.org\/wp-content\/uploads\/2022\/05\/Panneaux-energie2-BR-1024x723.jpg 1024w, https:\/\/ecosite-villarceaux.org\/wp-content\/uploads\/2022\/05\/Panneaux-energie2-BR-768x542.jpg 768w, https:\/\/ecosite-villarceaux.org\/wp-content\/uploads\/2022\/05\/Panneaux-energie2-BR-1536x1085.jpg 1536w, https:\/\/ecosite-villarceaux.org\/wp-content\/uploads\/2022\/05\/Panneaux-energie2-BR-2048x1446.jpg 2048w\" sizes=\"auto, (max-width: 2560px) 100vw, 2560px\" \/><\/figure>\n\n\n\n<h3 class=\"wp-block-heading\" id=\"l-eau\">L\u2019eau<\/h3>\n\n\n\n<h4 class=\"wp-block-heading\" id=\"la-recuperation-d-eau-de-pluie\">La r\u00e9cup\u00e9ration d\u2019eau de pluie<\/h4>\n\n\n\n<figure class=\"wp-block-image size-full\"><img loading=\"lazy\" decoding=\"async\" width=\"2560\" height=\"1808\" src=\"https:\/\/ecosite-villarceaux.org\/wp-content\/uploads\/2022\/05\/Panneaux-eau1-BR-scaled.jpg\" alt=\"\" class=\"wp-image-131\" srcset=\"https:\/\/ecosite-villarceaux.org\/wp-content\/uploads\/2022\/05\/Panneaux-eau1-BR-scaled.jpg 2560w, https:\/\/ecosite-villarceaux.org\/wp-content\/uploads\/2022\/05\/Panneaux-eau1-BR-300x212.jpg 300w, https:\/\/ecosite-villarceaux.org\/wp-content\/uploads\/2022\/05\/Panneaux-eau1-BR-1024x723.jpg 1024w, https:\/\/ecosite-villarceaux.org\/wp-content\/uploads\/2022\/05\/Panneaux-eau1-BR-768x542.jpg 768w, https:\/\/ecosite-villarceaux.org\/wp-content\/uploads\/2022\/05\/Panneaux-eau1-BR-1536x1085.jpg 1536w, https:\/\/ecosite-villarceaux.org\/wp-content\/uploads\/2022\/05\/Panneaux-eau1-BR-2048x1446.jpg 2048w\" sizes=\"auto, (max-width: 2560px) 100vw, 2560px\" \/><figcaption class=\"wp-element-caption\">Cliquez sur l\u2019image pour lire les d\u00e9tails.<\/figcaption><\/figure>\n\n\n\n<h3 class=\"wp-block-heading\" id=\"epuration\">Epuration<\/h3>\n\n\n\n<h4 class=\"wp-block-heading\" id=\"le-lagunage\">Le lagunage<\/h4>\n\n\n\n<figure class=\"wp-block-image size-full\"><img loading=\"lazy\" decoding=\"async\" width=\"3512\" height=\"2480\" src=\"https:\/\/ecosite-villarceaux.org\/wp-content\/uploads\/2022\/05\/Panneaux-eau2-BR.png\" alt=\"\" class=\"wp-image-133\" srcset=\"https:\/\/ecosite-villarceaux.org\/wp-content\/uploads\/2022\/05\/Panneaux-eau2-BR.png 3512w, https:\/\/ecosite-villarceaux.org\/wp-content\/uploads\/2022\/05\/Panneaux-eau2-BR-300x212.png 300w, https:\/\/ecosite-villarceaux.org\/wp-content\/uploads\/2022\/05\/Panneaux-eau2-BR-1024x723.png 1024w, https:\/\/ecosite-villarceaux.org\/wp-content\/uploads\/2022\/05\/Panneaux-eau2-BR-768x542.png 768w, https:\/\/ecosite-villarceaux.org\/wp-content\/uploads\/2022\/05\/Panneaux-eau2-BR-1536x1085.png 1536w, https:\/\/ecosite-villarceaux.org\/wp-content\/uploads\/2022\/05\/Panneaux-eau2-BR-2048x1446.png 2048w\" sizes=\"auto, (max-width: 3512px) 100vw, 3512px\" \/><\/figure>\n\n\n\n<p><\/p>\n","protected":false},"excerpt":{"rendered":"<p>L&rsquo;Ecosite de Villarceaux a fait l&rsquo;objet d&rsquo;une r\u00e9habilitation guid\u00e9e par des objectifs ambitieux d&rsquo;\u00e9co-d\u00e9veloppement. Depuis la production d&rsquo;\u00e9lectricit\u00e9 jusqu&rsquo;au lagunage, le site est d\u00e9di\u00e9 \u00e0 l&rsquo;exp\u00e9rimentation de solutions innovantes en termes de d\u00e9veloppement soutenable. Entour\u00e9 de 800 hectares de terres et de bois, l&rsquo;Ecosite chauffe notamment l&rsquo;ensemble des h\u00e9bergements et des salles gr\u00e2ce aux plaquettes &hellip;<\/p>\n","protected":false},"author":1,"featured_media":0,"parent":0,"menu_order":0,"comment_status":"closed","ping_status":"open","template":"","meta":{"footnotes":""},"class_list":["post-2","page","type-page","status-publish","hentry"],"_links":{"self":[{"href":"https:\/\/ecosite-villarceaux.org\/index.php\/wp-json\/wp\/v2\/pages\/2","targetHints":{"allow":["GET"]}}],"collection":[{"href":"https:\/\/ecosite-villarceaux.org\/index.php\/wp-json\/wp\/v2\/pages"}],"about":[{"href":"https:\/\/ecosite-villarceaux.org\/index.php\/wp-json\/wp\/v2\/types\/page"}],"author":[{"embeddable":true,"href":"https:\/\/ecosite-villarceaux.org\/index.php\/wp-json\/wp\/v2\/users\/1"}],"replies":[{"embeddable":true,"href":"https:\/\/ecosite-villarceaux.org\/index.php\/wp-json\/wp\/v2\/comments?post=2"}],"version-history":[{"count":12,"href":"https:\/\/ecosite-villarceaux.org\/index.php\/wp-json\/wp\/v2\/pages\/2\/revisions"}],"predecessor-version":[{"id":903,"href":"https:\/\/ecosite-villarceaux.org\/index.php\/wp-json\/wp\/v2\/pages\/2\/revisions\/903"}],"wp:attachment":[{"href":"https:\/\/ecosite-villarceaux.org\/index.php\/wp-json\/wp\/v2\/media?parent=2"}],"curies":[{"name":"wp","href":"https:\/\/api.w.org\/{rel}","templated":true}]}}