{"id":192,"date":"2022-05-31T11:41:20","date_gmt":"2022-05-31T09:41:20","guid":{"rendered":"https:\/\/ecosite-villarceaux.org\/?page_id=192"},"modified":"2022-06-02T15:47:19","modified_gmt":"2022-06-02T13:47:19","slug":"comment-venir-a-villarceaux","status":"publish","type":"page","link":"https:\/\/ecosite-villarceaux.org\/index.php\/comment-venir-a-villarceaux\/","title":{"rendered":"Comment venir \u00e0 Villarceaux ?"},"content":{"rendered":"\n<p><strong>Chaussy est situ\u00e9 dans le Val d\u2019Oise, \u00e0 70 km au nord-ouest de Paris. <\/strong><\/p>\n\n\n\n<h3 class=\"wp-block-heading\">En voiture<\/h3>\n\n\n\n<p>Vous pouvez bien s\u00fbr venir en voiture, le parking est gratuit. Depuis Paris, prendre l\u2019A13 ou l\u2019A15.<\/p>\n\n\n\n<h3 class=\"wp-block-heading\">Par le train<\/h3>\n\n\n\n<p>La Bergerie de Villarceaux n&rsquo;est pas directement accessible en transport en commun.<br>Vous pouvez cependant y acc\u00e9der depuis :<\/p>\n\n\n\n<ul class=\"wp-block-list\"><li>La gare de Cergy-le-haut (gare terminus de la branche ouest du RER A &#8211; et terminus des transiliens au d\u00e9part de la gare Saint-Lazare). Cette gare se situe \u00e0 30 kilom\u00e8tres de la bergerie soit 20 minutes en voiture.<\/li><li>La gare de Mantes-la-jolie (gare desservie par les transiliens et gare desservie par le TGV quotidien entre le Havre et Marseille.<\/li><\/ul>\n\n\n\n<p>Vous pouvez \u00e9galement vous rapprocher de la Bergerie en prenant un bus depuis Cergy le Haut. Vous pourrez descendre \u00e0 Magny en vexin qui se situe \u00e0 5 km de la Bergerie. un taxi ou une voiture seront n\u00e9anmoins n\u00e9cessaire pour rejoindre notre centre d&rsquo;h\u00e9bergement.<\/p>\n\n\n\n<iframe src=\"https:\/\/www.google.com\/maps\/embed?pb=!1m18!1m12!1m3!1d4391.599596275641!2d1.6972545851936556!3d49.11968294916241!2m3!1f0!2f0!3f0!3m2!1i1024!2i768!4f13.1!3m3!1m2!1s0x47e6c22d23dfcd53%3A0x11f61fe35dc09f6f!2sEcosite%20de%20Villarceaux!5e0!3m2!1sfr!2sfr!4v1654001101622!5m2!1sfr!2sfr\" width=\"600\" height=\"450\" style=\"border:0;\" allowfullscreen=\"\" loading=\"lazy\" referrerpolicy=\"no-referrer-when-downgrade\"><\/iframe>\n\n\n\n<p><strong>Notre adresse :<\/strong><br>Ecosite de Villarceaux &#8211; La Bergerie<br>95710 Chaussy \u2013 France<\/p>\n\n\n\n<p>Latitude : 49.118597<br>Longitude : 1.713116<\/p>\n\n\n\n<h3 class=\"wp-block-heading\">Derniers kilom\u00e8tres : le TAD (Transport A la Demande)<\/h3>\n\n\n\n<p><strong>Il est possible de r\u00e9server \u00e0 partir d\u2019un mois avant la date souhait\u00e9e du trajet.<\/strong>&nbsp;<strong>17 communes du Vexin sont desservies vers 3 p\u00f4les de rabattement (destinations pr\u00e9d\u00e9finies)<\/strong>&nbsp;:<\/p>\n\n\n\n<ul class=\"wp-block-list\"><li>Magny Gare routi\u00e8re,<\/li><li>Gare de Mantes la Jolie<\/li><li>Centre Hospitalier d\u2019Aincourt<\/li><\/ul>\n\n\n\n<p><strong>Le TAD assure des d\u00e9parts\/arriv\u00e9es du lundi au samedi, toutes les heures environ, de 06:00 \u00e0 20:00, \u00e0 des horaires variables selon le p\u00f4le de rabattement<\/strong>. A certains moments de la journ\u00e9e (matin\u00e9e et soir\u00e9e), et pour certains p\u00f4les de rabattement (les gares), les horaires sont fixes. De 10:00 \u00e0 16:00, ou toute la journ\u00e9e pour&nbsp; l\u2019h\u00f4pital d\u2019Aincourt, les horaires sont libres, ce qui signifie qu\u2019en fonction des disponibilit\u00e9s au moment de votre r\u00e9servation, la Centrale de r\u00e9servation vous fera une proposition, avec un engagement d\u2019un bus au minimum par heure.<\/p>\n\n\n\n<p><strong>A noter<\/strong>&nbsp;: La prise en charge \u00e0 l\u2019aller et la d\u00e9pose au retour se fait aux arr\u00eats des lignes existantes sur votre commune de d\u00e9part (<em>pas de prise en charge \u00e0 domicile<\/em>).<\/p>\n\n\n\n<p>Consultez le sch\u00e9ma ci-dessous pour visualiser les zones concern\u00e9es et les 5 p\u00f4les de rabattement pr\u00e9d\u00e9finis.<\/p>\n\n\n\n<figure class=\"wp-block-image\"><img decoding=\"async\" src=\"https:\/\/refuge-athena.fr\/wp-content\/uploads\/2021\/09\/TAD-TimBus.jpg\" alt=\"\" class=\"wp-image-458\"\/><\/figure>\n\n\n\n<p><strong>Le principe du service est le suivant<\/strong>&nbsp;: en utilisant l\u2019un des trois supports disponibles, et apr\u00e8s avoir cr\u00e9\u00e9 votre compte (application smartphone, site internet ou t\u00e9l\u00e9phone), vous r\u00e9servez le trajet que vous souhaitez faire (d\u00e9part et arriv\u00e9e) et l\u2019heure \u00e0 laquelle vous souhaitez faire ce trajet. Vous pouvez r\u00e9server votre trajet \u00e0 partir d\u2019un mois avant la date souhait\u00e9e et jusqu\u2019\u00e0 une heure avant le d\u00e9part.<br>A l\u2019heure d\u00e9finie, vous vous rendez \u00e0 l\u2019arr\u00eat de la ligne sur la commune de d\u00e9part et vous prenez votre bus.<\/p>\n\n\n\n<ul class=\"wp-block-list\"><li><strong>Application smartphone<\/strong>&nbsp;: T\u00e0D Ile de France Mobilit\u00e9s<\/li><li><strong>Site Internet<\/strong>&nbsp;:&nbsp;<a href=\"http:\/\/www.tad.idfmobilites.fr\/\">www.tad.idfmobilites.fr<\/a>&nbsp; (en fran\u00e7ais)<\/li><li><strong>T\u00e9l\u00e9phone<\/strong>&nbsp;: 09 70 80 96 63 du lundi au vendredi de 9:00 \u00e0 18:00<\/li><\/ul>\n","protected":false},"excerpt":{"rendered":"<p>Chaussy est situ\u00e9 dans le Val d\u2019Oise, \u00e0 70 km au nord-ouest de Paris. En voiture Vous pouvez bien s\u00fbr venir en voiture, le parking est gratuit. Depuis Paris, prendre l\u2019A13 ou l\u2019A15. Par le train La Bergerie de Villarceaux n&rsquo;est pas directement accessible en transport en commun.Vous pouvez cependant y acc\u00e9der depuis : La &hellip;<\/p>\n","protected":false},"author":1,"featured_media":0,"parent":0,"menu_order":0,"comment_status":"closed","ping_status":"closed","template":"","meta":{"footnotes":""},"class_list":["post-192","page","type-page","status-publish","hentry"],"_links":{"self":[{"href":"https:\/\/ecosite-villarceaux.org\/index.php\/wp-json\/wp\/v2\/pages\/192","targetHints":{"allow":["GET"]}}],"collection":[{"href":"https:\/\/ecosite-villarceaux.org\/index.php\/wp-json\/wp\/v2\/pages"}],"about":[{"href":"https:\/\/ecosite-villarceaux.org\/index.php\/wp-json\/wp\/v2\/types\/page"}],"author":[{"embeddable":true,"href":"https:\/\/ecosite-villarceaux.org\/index.php\/wp-json\/wp\/v2\/users\/1"}],"replies":[{"embeddable":true,"href":"https:\/\/ecosite-villarceaux.org\/index.php\/wp-json\/wp\/v2\/comments?post=192"}],"version-history":[{"count":6,"href":"https:\/\/ecosite-villarceaux.org\/index.php\/wp-json\/wp\/v2\/pages\/192\/revisions"}],"predecessor-version":[{"id":483,"href":"https:\/\/ecosite-villarceaux.org\/index.php\/wp-json\/wp\/v2\/pages\/192\/revisions\/483"}],"wp:attachment":[{"href":"https:\/\/ecosite-villarceaux.org\/index.php\/wp-json\/wp\/v2\/media?parent=192"}],"curies":[{"name":"wp","href":"https:\/\/api.w.org\/{rel}","templated":true}]}}